{"id":2,"date":"2021-04-08T22:26:29","date_gmt":"2021-04-08T22:26:29","guid":{"rendered":"http:\/\/chrysorychelo.com\/?page_id=2"},"modified":"2026-02-17T22:34:58","modified_gmt":"2026-02-17T22:34:58","slug":"sample-page","status":"publish","type":"page","link":"https:\/\/maranieto.com\/","title":{"rendered":"\u00bfQui\u00e9n es Mara Nieto?"},"content":{"rendered":"\n<a href=\"https:\/\/instituto.maranieto.com\/\" target=\"_blank\" style=\"\n  display: inline-block;\n  padding: 12px 24px;\n  background-color: #E950A3;\n  color: #fff;\n  font-size: 16px;\n  font-weight: bold;\n  text-decoration: none;\n  border-radius: 8px;\n  transition: background-color 0.3s ease;\">\n  Ir a mi p\u00e1gina de cursos online\n<\/a>\n\n\n\n<div style=\"height:100px\" aria-hidden=\"true\" class=\"wp-block-spacer\"><\/div>\n\n\n\n<p class=\"has-text-align-left\" style=\"font-size:18px;line-height:1.6\">Hola, mi nombre es Mara Nieto. <\/p>\n\n\n\n<p class=\"has-text-align-left\" style=\"font-size:18px;line-height:1.6\">Soy una mujer de 38 a\u00f1os, nacida en la Ciudad de M\u00e9xico.<\/p>\n\n\n\n<p>\u2764 Fundadora del proyecto sin fines de lucro <a href=\"https:\/\/cuentoskecuentan.com\/\">Cuentos Ke Cuentan<\/a><\/p>\n\n\n\n<p class=\"has-text-align-left\" style=\"font-size:18px;line-height:1.6\">\u2764 Ejecutante de viol\u00edn, viola y violoncello, con estudios en el Conservatorio Nacional de M\u00fasica<\/p>\n\n\n\n<p style=\"font-size:18px;line-height:1.6\">\u2764 Maestra de viol\u00edn certificada en &#8220;M\u00e9todo Suzuki&#8221; por la Asociaci\u00f3n Mexicana del M\u00e9todo Suzuki<\/p>\n\n\n\n<p>\u2764 Profesora de viol\u00edn en Academia de m\u00fasica y artes R. Peralta<\/p>\n\n\n\n<p class=\"has-text-align-left\" style=\"font-size:18px;line-height:1.6\">\u2764 Coordinadora de campa\u00f1as y tecnolog\u00eda educativa en el Instituto de Excelencia Educativa Zona Esmeralda (IEEZE)<\/p>\n\n\n\n<p style=\"font-size:18px;line-height:1.6\">\u2764 Dise\u00f1adora Instruccional en el Instituto Americano de Negocios (IAN)<\/p>\n\n\n\n<p>\u2764 Docente de &#8220;Maestr\u00eda en Educaci\u00f3n&#8221; en Universidad Mundo Abierto<\/p>\n\n\n\n<p class=\"has-text-align-left\" style=\"font-size:18px;line-height:1.6\">\u2764 Licenciada en Pedagog\u00eda, por la UNAM modalidad SUAyED, titulada con Menci\u00f3n Honor\u00edfica<\/p>\n\n\n\n<p class=\"has-text-align-left\" style=\"font-size:18px;line-height:1.6\">\u2764 Maestra en Educaci\u00f3n con enfoque en Educaci\u00f3n en L\u00ednea, por la Universidad Virtual del Estado de Guanajuato<\/p>\n\n\n\n<p>\u2764 Estudiante del &#8220;Doctorado en Dise\u00f1o Curricular e Instruccional&#8221; en el Instituto Bauman<\/p>\n\n\n\n<p class=\"has-text-align-left\" style=\"font-size:18px;line-height:1.6\">\u2764 Tutora digital, por UNAMITA \u00a1Ci\u00e9rrale a la brecha digital!<\/p>\n\n\n\n<p class=\"has-text-align-left\" style=\"font-size:18px;line-height:1.6\">\u2764 Educadora de familias certificada en Disciplina Positiva por la <em>&#8220;Possitive Discipline Association&#8221;<\/em><\/p>\n\n\n\n<p>\u2764 Investigadora de temas relacionados con la brecha digital<\/p>\n\n\n\n<p style=\"font-size:18px;line-height:1.6\">\u2764 Coautora del libro &#8220;Alfabetizaci\u00f3n Digital durante y despu\u00e9s de la pandemia&#8221; y de art\u00edculos indexados publicados en <em>South Florida Journal of Development<\/em><\/p>\n\n\n\n<p>\u2764 Autora del libro &#8220;La clave de m\u00ed: dejar la comodidad y la seguridad para tocar mi propia melod\u00eda&#8221;, editado por <em>Mara Nieto Viol\u00edn Editorial<\/em><\/p>\n\n\n\n<p>\u2764 Ganadora del &#8220;Premio a la excelencia docente 2023 Jos\u00e9 Vasconcelos&#8221;, por parte de ALPES y el Instituto Americano de Negocios<\/p>\n\n\n\n<p>\u2764 Creadora de contenido digital y un blog de temas educativos, musicales y de desarrollo integral<\/p>\n\n\n\n<p>\u2764 Ingeniera en alimentos titulada por la UNAM<\/p>\n\n\n\n<p class=\"has-text-align-left\" style=\"font-size:18px;line-height:1.6\">Tambi\u00e9n soy esposa, madre, hija, hermana, amiga, nieta, sobrina, t\u00eda, prima, asesora de lactancia y activista enfocada en la visibilizaci\u00f3n del trastorno del espectro autista (TEA).<\/p>\n\n\n\n<p style=\"font-size:18px;line-height:1.6\">Me encanta estudiar y cumplir mis metas con pasi\u00f3n y compromiso. Tambi\u00e9n disfruto mucho de ayudar a los dem\u00e1s. Lo hago con amor y entrega.<\/p>\n\n\n\n<p class=\"has-text-align-left\" style=\"font-size:18px;line-height:1.6\">\u00a1Soy una mujer plena, feliz y con la convicci\u00f3n del evangelio de Dios!  <\/p>\n\n\n\n<div style=\"height:100px\" aria-hidden=\"true\" class=\"wp-block-spacer\"><\/div>\n\n\n\n<p><em><mark style=\"background-color:rgba(0, 0, 0, 0)\" class=\"has-inline-color has-primary-color\">Porque de \u00c9l, por \u00c9l y para \u00c9l son todas las cosas. A [Dios] sea la Gloria para siempre <\/mark><\/em>(Romanos 11:36)<\/p>\n\n\n\n<div style=\"height:100px\" aria-hidden=\"true\" class=\"wp-block-spacer\"><\/div>\n\n\n\n<figure class=\"wp-block-image size-full is-resized\"><img loading=\"lazy\" decoding=\"async\" width=\"960\" height=\"960\" src=\"https:\/\/maranieto.com\/wp-content\/uploads\/2023\/09\/345174176_777112760441161_4995872105835903577_n-1.jpg\" alt=\"\" class=\"wp-image-1603\" style=\"width:745px;height:auto\" srcset=\"https:\/\/maranieto.com\/wp-content\/uploads\/2023\/09\/345174176_777112760441161_4995872105835903577_n-1.jpg 960w, https:\/\/maranieto.com\/wp-content\/uploads\/2023\/09\/345174176_777112760441161_4995872105835903577_n-1-300x300.jpg 300w, https:\/\/maranieto.com\/wp-content\/uploads\/2023\/09\/345174176_777112760441161_4995872105835903577_n-1-150x150.jpg 150w, https:\/\/maranieto.com\/wp-content\/uploads\/2023\/09\/345174176_777112760441161_4995872105835903577_n-1-768x768.jpg 768w\" sizes=\"auto, (max-width: 960px) 100vw, 960px\" \/><\/figure>\n\n\n\n<div style=\"height:100px\" aria-hidden=\"true\" class=\"wp-block-spacer\"><\/div>\n\n\n\n<p style=\"font-size:25px\"><strong>Oblivion (Astor Piazzola)<\/strong><\/p>\n\n\n\n<p>Gracias a RP Producciones, a la Mtra. Mimy Mendoza y al Mtro. Ad\u00e1n Hern\u00e1ndez por hacer posible este video de un cover de uno de mis tangos favoritos &#8220;Oblivion&#8221; de Astor Piazzola.<\/p>\n\n\n\n<div class=\"wp-block-group\"><div class=\"wp-block-group__inner-container is-layout-constrained wp-block-group-is-layout-constrained\">\n<div class=\"wp-block-columns is-layout-flex wp-container-core-columns-is-layout-9d6595d7 wp-block-columns-is-layout-flex\">\n<div class=\"wp-block-column is-layout-flow wp-block-column-is-layout-flow\" style=\"flex-basis:100%\">\n<iframe loading=\"lazy\" width=\"560\" height=\"315\" src=\"https:\/\/www.youtube.com\/embed\/ARdt4M9dpbk?si=h0gGolcgcAolQTE4\" title=\"YouTube video player\" frameborder=\"0\" allow=\"accelerometer; autoplay; clipboard-write; encrypted-media; gyroscope; picture-in-picture; web-share\" referrerpolicy=\"strict-origin-when-cross-origin\" allowfullscreen><\/iframe>\n<\/div>\n<\/div>\n<\/div><\/div>\n\n\n\n<p>Gracias a la Mtra. Patricia Arellano por este hermoso dueto de viol\u00edn y piano que presentamos en la clausura del ciclo 2024\u20132025 del Instituto de Excelencia Educativa (IEEZE).<br><\/p>\n\n\n\n<iframe loading=\"lazy\" width=\"560\" height=\"315\" src=\"https:\/\/www.youtube.com\/embed\/oR9tslE4EPM?si=AFb-AF763g-xCxjW\" title=\"YouTube video player\" frameborder=\"0\" allow=\"accelerometer; autoplay; clipboard-write; encrypted-media; gyroscope; picture-in-picture; web-share\" referrerpolicy=\"strict-origin-when-cross-origin\" allowfullscreen><\/iframe>\n\n\n\n<div style=\"height:100px\" aria-hidden=\"true\" class=\"wp-block-spacer\"><\/div>\n\n\n\n<p style=\"font-size:25px\"><strong>Premio a la excelencia docente<\/strong><\/p>\n\n\n\n<p style=\"font-size:18px\">En diciembre del 2023 fui galardonada por parte del Instituto Americano de Negocios y de la Alianza Para la Educaci\u00f3n Superior ALPES con el premio a la excelencia docente &#8220;Jos\u00e9 Vasconcelos&#8221;. Este premio lo recib\u00ed por mi trayectoria impartiendo clases en el nivel Universitario en las Licenciaturas en Pedagog\u00eda y Ciencias de la Educaci\u00f3n.<\/p>\n\n\n\n<figure class=\"wp-block-image size-full is-resized\"><img loading=\"lazy\" decoding=\"async\" width=\"1080\" height=\"904\" src=\"https:\/\/maranieto.com\/wp-content\/uploads\/2023\/12\/409185500_10161155092948953_2681708416966261189_n.jpg\" alt=\"\" class=\"wp-image-1951\" style=\"width:754px;height:auto\" srcset=\"https:\/\/maranieto.com\/wp-content\/uploads\/2023\/12\/409185500_10161155092948953_2681708416966261189_n.jpg 1080w, https:\/\/maranieto.com\/wp-content\/uploads\/2023\/12\/409185500_10161155092948953_2681708416966261189_n-300x251.jpg 300w, https:\/\/maranieto.com\/wp-content\/uploads\/2023\/12\/409185500_10161155092948953_2681708416966261189_n-1024x857.jpg 1024w, https:\/\/maranieto.com\/wp-content\/uploads\/2023\/12\/409185500_10161155092948953_2681708416966261189_n-768x643.jpg 768w\" sizes=\"auto, (max-width: 1080px) 100vw, 1080px\" \/><\/figure>\n\n\n\n<div style=\"height:100px\" aria-hidden=\"true\" class=\"wp-block-spacer\"><\/div>\n\n\n\n<p class=\"has-text-align-left\" style=\"font-size:25px\"><strong>Mis servicios como violinista<\/strong><\/p>\n\n\n\n<p class=\"has-text-align-left\" style=\"font-size:18px\"><strong><a href=\"https:\/\/maranieto.com\/index.php\/amenizacion-de-eventos\/\" target=\"_blank\" rel=\"noreferrer noopener\">Amenizaci\u00f3n de eventos con viol\u00edn solista y pista<\/a><\/strong><\/p>\n\n\n\n<p class=\"has-text-align-left\" style=\"font-size:18px\"><strong><a href=\"https:\/\/maranieto.com\/index.php\/clases-de-violin\/\" target=\"_blank\" rel=\"noreferrer noopener\">Clases &#8220;Suzuki&#8221; de viol\u00edn o de viola<\/a><\/strong><\/p>\n\n\n\n<p style=\"font-size:18px\"><a href=\"https:\/\/maranieto.com\/index.php\/piano-y-violin\/\"><strong>Amenizaci\u00f3n de eventos con piano y viol\u00edn<\/strong><\/a><\/p>\n\n\n\n<p style=\"font-size:18px\"><a href=\"https:\/\/maranieto.com\/index.php\/servicios-musicales\/\"><strong>M\u00fasicos para eventos<\/strong><\/a><\/p>\n\n\n\n<figure class=\"wp-block-video\"><video height=\"478\" style=\"aspect-ratio: 848 \/ 478;\" width=\"848\" controls src=\"https:\/\/maranieto.com\/wp-content\/uploads\/2024\/03\/WhatsApp-Video-2024-03-07-at-11.16.05-AM.mp4\"><\/video><figcaption class=\"wp-element-caption\">A mi manera <strong>\u00b7<\/strong> Mezcal, queso y vino 8va edici\u00f3n  <strong>\u00b7<\/strong> La mansi\u00f3n Tepotzotl\u00e1n<\/figcaption><\/figure>\n\n\n\n<figure class=\"wp-block-video\"><video height=\"478\" style=\"aspect-ratio: 848 \/ 478;\" width=\"848\" controls src=\"https:\/\/maranieto.com\/wp-content\/uploads\/2024\/03\/WhatsApp-Video-2024-03-02-at-4.40.02-PM.mp4\"><\/video><figcaption class=\"wp-element-caption\">Bella Ciao  <strong>\u00b7<\/strong> Mezcal, queso y vino 8va edici\u00f3n  <strong>\u00b7<\/strong> La mansi\u00f3n Tepotzotl\u00e1n<\/figcaption><\/figure>\n\n\n\n<div style=\"height:100px\" aria-hidden=\"true\" class=\"wp-block-spacer\"><\/div>\n\n\n\n<p class=\"has-text-align-left\" style=\"font-size:25px\"><strong>Mis servicios como pedagoga<\/strong><\/p>\n\n\n\n<p class=\"has-text-align-left\" style=\"font-size:18px\"><strong><a href=\"https:\/\/maranieto.com\/index.php\/pedagoga\/\" target=\"_blank\" rel=\"noreferrer noopener\">Mentor\u00eda para el uso de tecnolog\u00edas educativas<\/a><\/strong><\/p>\n\n\n\n<p class=\"has-text-align-left\" style=\"font-size:18px\"><strong><a href=\"https:\/\/maranieto.com\/index.php\/pedagoga\/\" target=\"_blank\" rel=\"noreferrer noopener\">Asesor\u00eda de tesis (Licenciatura en Pedagog\u00eda)<\/a><\/strong><\/p>\n\n\n\n<p class=\"has-text-align-left\" style=\"font-size:18px\"><a href=\"https:\/\/maranieto.com\/index.php\/cary-alsy\/\"><strong>Capacitaci\u00f3n para el dise\u00f1o instruccional (cursos en l\u00ednea)<\/strong><\/a><\/p>\n\n\n\n<p style=\"font-size:18px\"><a href=\"https:\/\/escuela.caryalsy.com\/\"><strong>Cursos en l\u00ednea a trav\u00e9s de Cary Alsy<\/strong><\/a><\/p>\n\n\n\n<div style=\"height:100px\" aria-hidden=\"true\" class=\"wp-block-spacer\"><\/div>\n\n\n\n<p style=\"font-size:25px\"><strong>Mis otros proyectos<\/strong><\/p>\n\n\n\n<p style=\"font-size:18px\"><a href=\"https:\/\/maranieto.com\/index.php\/programa-parto-sereno\/\"><strong>Programa de relajaci\u00f3n prenatal &#8220;Parto Sereno&#8221; (En l\u00ednea)<\/strong><\/a><\/p>\n\n\n\n<p style=\"font-size:18px\"><strong><a href=\"https:\/\/www.amazon.com.mx\/Alfabetizaci%C3%B3n-digital-durante-despu%C3%A9s-pandemia\/dp\/6203034150\">Libro &#8220;Alfabetizaci\u00f3n digital durante y despu\u00e9s de la pandemia&#8221; de venta en Amazon<\/a><\/strong><\/p>\n\n\n\n<p style=\"font-size:18px\"><strong><a href=\"https:\/\/maranieto.com\/index.php\/cafe-de-grano\/\">Venta de caf\u00e9 de grano artesanal (Por kilo)<\/a><\/strong><\/p>\n\n\n\n<p style=\"font-size:18px\"><strong><a href=\"https:\/\/www.facebook.com\/autistasencristo\/\">P\u00e1gina de Facebook &#8220;Autistas en Cristo&#8221;<\/a><\/strong><\/p>\n\n\n\n<p><a href=\"https:\/\/maranieto.com\/index.php\/cuentos-ke-cuentan\/\"><strong>Cuentos Ke Cuentan<\/strong><\/a><\/p>\n\n\n\n<p><a href=\"https:\/\/maranieto.com\/index.php\/la-clave-de-mi\/\"><strong>Libro &#8220;La clave de m\u00ed&#8221;<\/strong><\/a><\/p>\n\n\n\n<div style=\"height:100px\" aria-hidden=\"true\" class=\"wp-block-spacer\"><\/div>\n\n\n\n<p style=\"font-size:18px\"><em>La educaci\u00f3n no es la preparaci\u00f3n para la vida, la educaci\u00f3n es la vida en s\u00ed (John Dewey)<\/em><\/p>\n","protected":false},"excerpt":{"rendered":"<p>Ir a mi p\u00e1gina de cursos online Hola, mi nombre es Mara Nieto. Soy una mujer de 38 a\u00f1os, nacida en la Ciudad de M\u00e9xico. \u2764 Fundadora del proyecto sin fines de lucro Cuentos Ke &hellip; <\/p>\n","protected":false},"author":1,"featured_media":1594,"parent":0,"menu_order":0,"comment_status":"closed","ping_status":"open","template":"","meta":{"spay_email":"","footnotes":""},"class_list":["post-2","page","type-page","status-publish","has-post-thumbnail","hentry"],"yoast_head":"<!-- This site is optimized with the Yoast SEO plugin v16.7 - https:\/\/yoast.com\/wordpress\/plugins\/seo\/ -->\n<title>\u00bfQui\u00e9n es Mara Nieto? - Mara Nieto Viol\u00edn %<\/title>\n<meta name=\"robots\" content=\"noindex, follow, max-snippet:-1, max-image-preview:large, max-video-preview:-1\" \/>\n<meta property=\"og:locale\" content=\"es_MX\" \/>\n<meta property=\"og:type\" content=\"article\" \/>\n<meta property=\"og:title\" content=\"\u00bfQui\u00e9n es Mara Nieto? - Mara Nieto Viol\u00edn %\" \/>\n<meta property=\"og:description\" content=\"Ir a mi p\u00e1gina de cursos online Hola, mi nombre es Mara Nieto. Soy una mujer de 38 a\u00f1os, nacida en la Ciudad de M\u00e9xico. \u2764 Fundadora del proyecto sin fines de lucro Cuentos Ke &hellip;\" \/>\n<meta property=\"og:url\" content=\"https:\/\/maranieto.com\/\" \/>\n<meta property=\"og:site_name\" content=\"Mara Nieto Viol\u00edn\" \/>\n<meta property=\"article:modified_time\" content=\"2026-02-17T22:34:58+00:00\" \/>\n<meta property=\"og:image\" content=\"https:\/\/maranieto.com\/wp-content\/uploads\/2023\/09\/Mara-Nieto-Violon-5-1024x577.png\" \/>\n\t<meta property=\"og:image:width\" content=\"1024\" \/>\n\t<meta property=\"og:image:height\" content=\"577\" \/>\n<meta name=\"twitter:card\" content=\"summary_large_image\" \/>\n<meta name=\"twitter:label1\" content=\"Tiempo de lectura\" \/>\n\t<meta name=\"twitter:data1\" content=\"5 minutos\" \/>\n<script type=\"application\/ld+json\" class=\"yoast-schema-graph\">{\"@context\":\"https:\/\/schema.org\",\"@graph\":[{\"@type\":\"WebSite\",\"@id\":\"https:\/\/maranieto.com\/#website\",\"url\":\"https:\/\/maranieto.com\/\",\"name\":\"Mara Nieto Viol\\u00edn\",\"description\":\"Violinista, Pedagoga &amp; Maestra Suzuki\",\"potentialAction\":[{\"@type\":\"SearchAction\",\"target\":{\"@type\":\"EntryPoint\",\"urlTemplate\":\"https:\/\/maranieto.com\/?s={search_term_string}\"},\"query-input\":\"required name=search_term_string\"}],\"inLanguage\":\"es\"},{\"@type\":\"ImageObject\",\"@id\":\"https:\/\/maranieto.com\/#primaryimage\",\"inLanguage\":\"es\",\"url\":\"https:\/\/maranieto.com\/wp-content\/uploads\/2023\/09\/Mara-Nieto-Violon-5.png\",\"contentUrl\":\"https:\/\/maranieto.com\/wp-content\/uploads\/2023\/09\/Mara-Nieto-Violon-5.png\",\"width\":1640,\"height\":924},{\"@type\":\"WebPage\",\"@id\":\"https:\/\/maranieto.com\/#webpage\",\"url\":\"https:\/\/maranieto.com\/\",\"name\":\"\\u00bfQui\\u00e9n es Mara Nieto? - Mara Nieto Viol\\u00edn %\",\"isPartOf\":{\"@id\":\"https:\/\/maranieto.com\/#website\"},\"primaryImageOfPage\":{\"@id\":\"https:\/\/maranieto.com\/#primaryimage\"},\"datePublished\":\"2021-04-08T22:26:29+00:00\",\"dateModified\":\"2026-02-17T22:34:58+00:00\",\"breadcrumb\":{\"@id\":\"https:\/\/maranieto.com\/#breadcrumb\"},\"inLanguage\":\"es\",\"potentialAction\":[{\"@type\":\"ReadAction\",\"target\":[\"https:\/\/maranieto.com\/\"]}]},{\"@type\":\"BreadcrumbList\",\"@id\":\"https:\/\/maranieto.com\/#breadcrumb\",\"itemListElement\":[{\"@type\":\"ListItem\",\"position\":1,\"name\":\"Inicio\",\"item\":\"https:\/\/maranieto.com\/\"},{\"@type\":\"ListItem\",\"position\":2,\"name\":\"\\u00bfQui\\u00e9n es Mara Nieto?\"}]}]}<\/script>\n<!-- \/ Yoast SEO plugin. -->","yoast_head_json":{"title":"\u00bfQui\u00e9n es Mara Nieto? - Mara Nieto Viol\u00edn %","robots":{"index":"noindex","follow":"follow","max-snippet":"max-snippet:-1","max-image-preview":"max-image-preview:large","max-video-preview":"max-video-preview:-1"},"og_locale":"es_MX","og_type":"article","og_title":"\u00bfQui\u00e9n es Mara Nieto? - Mara Nieto Viol\u00edn %","og_description":"Ir a mi p\u00e1gina de cursos online Hola, mi nombre es Mara Nieto. Soy una mujer de 38 a\u00f1os, nacida en la Ciudad de M\u00e9xico. \u2764 Fundadora del proyecto sin fines de lucro Cuentos Ke &hellip;","og_url":"https:\/\/maranieto.com\/","og_site_name":"Mara Nieto Viol\u00edn","article_modified_time":"2026-02-17T22:34:58+00:00","og_image":[{"width":1024,"height":577,"filesize":1167723,"path":"2023\/09\/Mara-Nieto-Violon-5-1024x577.png","url":"https:\/\/maranieto.com\/wp-content\/uploads\/2023\/09\/Mara-Nieto-Violon-5-1024x577.png","size":"large","id":1594,"alt":"","pixels":590848,"type":"image\/png"}],"twitter_card":"summary_large_image","twitter_misc":{"Tiempo de lectura":"5 minutos"},"schema":{"@context":"https:\/\/schema.org","@graph":[{"@type":"WebSite","@id":"https:\/\/maranieto.com\/#website","url":"https:\/\/maranieto.com\/","name":"Mara Nieto Viol\u00edn","description":"Violinista, Pedagoga &amp; Maestra Suzuki","potentialAction":[{"@type":"SearchAction","target":{"@type":"EntryPoint","urlTemplate":"https:\/\/maranieto.com\/?s={search_term_string}"},"query-input":"required name=search_term_string"}],"inLanguage":"es"},{"@type":"ImageObject","@id":"https:\/\/maranieto.com\/#primaryimage","inLanguage":"es","url":"https:\/\/maranieto.com\/wp-content\/uploads\/2023\/09\/Mara-Nieto-Violon-5.png","contentUrl":"https:\/\/maranieto.com\/wp-content\/uploads\/2023\/09\/Mara-Nieto-Violon-5.png","width":1640,"height":924},{"@type":"WebPage","@id":"https:\/\/maranieto.com\/#webpage","url":"https:\/\/maranieto.com\/","name":"\u00bfQui\u00e9n es Mara Nieto? - Mara Nieto Viol\u00edn %","isPartOf":{"@id":"https:\/\/maranieto.com\/#website"},"primaryImageOfPage":{"@id":"https:\/\/maranieto.com\/#primaryimage"},"datePublished":"2021-04-08T22:26:29+00:00","dateModified":"2026-02-17T22:34:58+00:00","breadcrumb":{"@id":"https:\/\/maranieto.com\/#breadcrumb"},"inLanguage":"es","potentialAction":[{"@type":"ReadAction","target":["https:\/\/maranieto.com\/"]}]},{"@type":"BreadcrumbList","@id":"https:\/\/maranieto.com\/#breadcrumb","itemListElement":[{"@type":"ListItem","position":1,"name":"Inicio","item":"https:\/\/maranieto.com\/"},{"@type":"ListItem","position":2,"name":"\u00bfQui\u00e9n es Mara Nieto?"}]}]}},"_links":{"self":[{"href":"https:\/\/maranieto.com\/index.php\/wp-json\/wp\/v2\/pages\/2","targetHints":{"allow":["GET"]}}],"collection":[{"href":"https:\/\/maranieto.com\/index.php\/wp-json\/wp\/v2\/pages"}],"about":[{"href":"https:\/\/maranieto.com\/index.php\/wp-json\/wp\/v2\/types\/page"}],"author":[{"embeddable":true,"href":"https:\/\/maranieto.com\/index.php\/wp-json\/wp\/v2\/users\/1"}],"replies":[{"embeddable":true,"href":"https:\/\/maranieto.com\/index.php\/wp-json\/wp\/v2\/comments?post=2"}],"version-history":[{"count":352,"href":"https:\/\/maranieto.com\/index.php\/wp-json\/wp\/v2\/pages\/2\/revisions"}],"predecessor-version":[{"id":3298,"href":"https:\/\/maranieto.com\/index.php\/wp-json\/wp\/v2\/pages\/2\/revisions\/3298"}],"wp:featuredmedia":[{"embeddable":true,"href":"https:\/\/maranieto.com\/index.php\/wp-json\/wp\/v2\/media\/1594"}],"wp:attachment":[{"href":"https:\/\/maranieto.com\/index.php\/wp-json\/wp\/v2\/media?parent=2"}],"curies":[{"name":"wp","href":"https:\/\/api.w.org\/{rel}","templated":true}]}}