{"id":2001,"date":"2024-02-20T01:55:23","date_gmt":"2024-02-20T01:55:23","guid":{"rendered":"https:\/\/maranieto.com\/?page_id=2001"},"modified":"2026-01-02T22:38:16","modified_gmt":"2026-01-02T22:38:16","slug":"programa-parto-sereno","status":"publish","type":"page","link":"https:\/\/maranieto.com\/index.php\/programa-parto-sereno\/","title":{"rendered":"Programa &#8220;Parto Sereno&#8221;"},"content":{"rendered":"\n<p>\ufeff<\/p>\n\n\n\n<p>En colaboraci\u00f3n con mi mam\u00e1 , la Lic. en Psicolog\u00eda Imelda Hern\u00e1ndez, he creado un programa de relajaci\u00f3n prenatal con PNL, titulado &#8220;Parto Sereno&#8221;.<\/p>\n\n\n\n<p>Este programa consta de 21 audios, con sus respectivos ejercicios de introspecci\u00f3n. La finalidad de este programa consiste en ayudar a las mujeres embarazadas a estar tranquilas y relajadas al momento del parto.  <\/p>\n\n\n\n<p>Mi programa se vende a trav\u00e9s de la plataforma &#8220;Hotmart&#8221;. <\/p>\n\n\n\n<p>Aqu\u00ed puedes ver el video de bienvenida:<\/p>\n\n\n\n<figure class=\"wp-block-video aligncenter\"><video height=\"1080\" style=\"aspect-ratio: 1920 \/ 1080;\" width=\"1920\" controls src=\"https:\/\/maranieto.com\/wp-content\/uploads\/2024\/02\/bienvenida-parto-sereno-hotmart-1.mp4\"><\/video><\/figure>\n\n\n\n<p><\/p>\n\n\n\n<p>En <a href=\"https:\/\/go.hotmart.com\/A91044514U\">este enlace<\/a> puedes adquirir el programa &#8220;Parto Sereno&#8221;. <\/p>\n\n\n\n<p>Muchas gracias por tu compra. <\/p>\n","protected":false},"excerpt":{"rendered":"<p>\ufeff En colaboraci\u00f3n con mi mam\u00e1 , la Lic. en Psicolog\u00eda Imelda Hern\u00e1ndez, he creado un programa de relajaci\u00f3n prenatal con PNL, titulado &#8220;Parto Sereno&#8221;. Este programa consta de 21 audios, con sus respectivos ejercicios &hellip; <\/p>\n","protected":false},"author":1,"featured_media":1741,"parent":0,"menu_order":0,"comment_status":"closed","ping_status":"closed","template":"","meta":{"spay_email":"","footnotes":""},"class_list":["post-2001","page","type-page","status-publish","has-post-thumbnail","hentry"],"yoast_head":"<!-- This site is optimized with the Yoast SEO plugin v16.7 - https:\/\/yoast.com\/wordpress\/plugins\/seo\/ -->\n<title>Programa &quot;Parto Sereno&quot; - Mara Nieto Viol\u00edn<\/title>\n<meta name=\"robots\" content=\"noindex, follow, max-snippet:-1, max-image-preview:large, max-video-preview:-1\" \/>\n<meta property=\"og:locale\" content=\"es_MX\" \/>\n<meta property=\"og:type\" content=\"article\" \/>\n<meta property=\"og:title\" content=\"Programa &quot;Parto Sereno&quot; - Mara Nieto Viol\u00edn\" \/>\n<meta property=\"og:description\" content=\"\ufeff En colaboraci\u00f3n con mi mam\u00e1 , la Lic. en Psicolog\u00eda Imelda Hern\u00e1ndez, he creado un programa de relajaci\u00f3n prenatal con PNL, titulado &#8220;Parto Sereno&#8221;. Este programa consta de 21 audios, con sus respectivos ejercicios &hellip;\" \/>\n<meta property=\"og:url\" content=\"https:\/\/maranieto.com\/index.php\/programa-parto-sereno\/\" \/>\n<meta property=\"og:site_name\" content=\"Mara Nieto Viol\u00edn\" \/>\n<meta property=\"article:modified_time\" content=\"2026-01-02T22:38:16+00:00\" \/>\n<meta property=\"og:image\" content=\"https:\/\/maranieto.com\/wp-content\/uploads\/2022\/12\/Malhechos-16.png\" \/>\n\t<meta property=\"og:image:width\" content=\"500\" \/>\n\t<meta property=\"og:image:height\" content=\"500\" \/>\n<meta name=\"twitter:card\" content=\"summary_large_image\" \/>\n<script type=\"application\/ld+json\" class=\"yoast-schema-graph\">{\"@context\":\"https:\/\/schema.org\",\"@graph\":[{\"@type\":\"WebSite\",\"@id\":\"https:\/\/maranieto.com\/#website\",\"url\":\"https:\/\/maranieto.com\/\",\"name\":\"Mara Nieto Viol\\u00edn\",\"description\":\"Violinista, Pedagoga &amp; Maestra Suzuki\",\"potentialAction\":[{\"@type\":\"SearchAction\",\"target\":{\"@type\":\"EntryPoint\",\"urlTemplate\":\"https:\/\/maranieto.com\/?s={search_term_string}\"},\"query-input\":\"required name=search_term_string\"}],\"inLanguage\":\"es\"},{\"@type\":\"ImageObject\",\"@id\":\"https:\/\/maranieto.com\/index.php\/programa-parto-sereno\/#primaryimage\",\"inLanguage\":\"es\",\"url\":\"https:\/\/maranieto.com\/wp-content\/uploads\/2022\/12\/Malhechos-16.png\",\"contentUrl\":\"https:\/\/maranieto.com\/wp-content\/uploads\/2022\/12\/Malhechos-16.png\",\"width\":500,\"height\":500},{\"@type\":\"WebPage\",\"@id\":\"https:\/\/maranieto.com\/index.php\/programa-parto-sereno\/#webpage\",\"url\":\"https:\/\/maranieto.com\/index.php\/programa-parto-sereno\/\",\"name\":\"Programa \\\"Parto Sereno\\\" - Mara Nieto Viol\\u00edn\",\"isPartOf\":{\"@id\":\"https:\/\/maranieto.com\/#website\"},\"primaryImageOfPage\":{\"@id\":\"https:\/\/maranieto.com\/index.php\/programa-parto-sereno\/#primaryimage\"},\"datePublished\":\"2024-02-20T01:55:23+00:00\",\"dateModified\":\"2026-01-02T22:38:16+00:00\",\"breadcrumb\":{\"@id\":\"https:\/\/maranieto.com\/index.php\/programa-parto-sereno\/#breadcrumb\"},\"inLanguage\":\"es\",\"potentialAction\":[{\"@type\":\"ReadAction\",\"target\":[\"https:\/\/maranieto.com\/index.php\/programa-parto-sereno\/\"]}]},{\"@type\":\"BreadcrumbList\",\"@id\":\"https:\/\/maranieto.com\/index.php\/programa-parto-sereno\/#breadcrumb\",\"itemListElement\":[{\"@type\":\"ListItem\",\"position\":1,\"name\":\"Inicio\",\"item\":\"https:\/\/maranieto.com\/\"},{\"@type\":\"ListItem\",\"position\":2,\"name\":\"Programa &#8220;Parto Sereno&#8221;\"}]}]}<\/script>\n<!-- \/ Yoast SEO plugin. -->","yoast_head_json":{"title":"Programa \"Parto Sereno\" - Mara Nieto Viol\u00edn","robots":{"index":"noindex","follow":"follow","max-snippet":"max-snippet:-1","max-image-preview":"max-image-preview:large","max-video-preview":"max-video-preview:-1"},"og_locale":"es_MX","og_type":"article","og_title":"Programa \"Parto Sereno\" - Mara Nieto Viol\u00edn","og_description":"\ufeff En colaboraci\u00f3n con mi mam\u00e1 , la Lic. en Psicolog\u00eda Imelda Hern\u00e1ndez, he creado un programa de relajaci\u00f3n prenatal con PNL, titulado &#8220;Parto Sereno&#8221;. Este programa consta de 21 audios, con sus respectivos ejercicios &hellip;","og_url":"https:\/\/maranieto.com\/index.php\/programa-parto-sereno\/","og_site_name":"Mara Nieto Viol\u00edn","article_modified_time":"2026-01-02T22:38:16+00:00","og_image":[{"width":500,"height":500,"filesize":298319,"url":"https:\/\/maranieto.com\/wp-content\/uploads\/2022\/12\/Malhechos-16.png","path":"\/var\/www\/vhosts\/maranieto.com\/httpdocs\/wp-content\/uploads\/2022\/12\/Malhechos-16.png","size":"full","id":1741,"alt":"","pixels":250000,"type":"image\/png"}],"twitter_card":"summary_large_image","schema":{"@context":"https:\/\/schema.org","@graph":[{"@type":"WebSite","@id":"https:\/\/maranieto.com\/#website","url":"https:\/\/maranieto.com\/","name":"Mara Nieto Viol\u00edn","description":"Violinista, Pedagoga &amp; Maestra Suzuki","potentialAction":[{"@type":"SearchAction","target":{"@type":"EntryPoint","urlTemplate":"https:\/\/maranieto.com\/?s={search_term_string}"},"query-input":"required name=search_term_string"}],"inLanguage":"es"},{"@type":"ImageObject","@id":"https:\/\/maranieto.com\/index.php\/programa-parto-sereno\/#primaryimage","inLanguage":"es","url":"https:\/\/maranieto.com\/wp-content\/uploads\/2022\/12\/Malhechos-16.png","contentUrl":"https:\/\/maranieto.com\/wp-content\/uploads\/2022\/12\/Malhechos-16.png","width":500,"height":500},{"@type":"WebPage","@id":"https:\/\/maranieto.com\/index.php\/programa-parto-sereno\/#webpage","url":"https:\/\/maranieto.com\/index.php\/programa-parto-sereno\/","name":"Programa \"Parto Sereno\" - Mara Nieto Viol\u00edn","isPartOf":{"@id":"https:\/\/maranieto.com\/#website"},"primaryImageOfPage":{"@id":"https:\/\/maranieto.com\/index.php\/programa-parto-sereno\/#primaryimage"},"datePublished":"2024-02-20T01:55:23+00:00","dateModified":"2026-01-02T22:38:16+00:00","breadcrumb":{"@id":"https:\/\/maranieto.com\/index.php\/programa-parto-sereno\/#breadcrumb"},"inLanguage":"es","potentialAction":[{"@type":"ReadAction","target":["https:\/\/maranieto.com\/index.php\/programa-parto-sereno\/"]}]},{"@type":"BreadcrumbList","@id":"https:\/\/maranieto.com\/index.php\/programa-parto-sereno\/#breadcrumb","itemListElement":[{"@type":"ListItem","position":1,"name":"Inicio","item":"https:\/\/maranieto.com\/"},{"@type":"ListItem","position":2,"name":"Programa &#8220;Parto Sereno&#8221;"}]}]}},"_links":{"self":[{"href":"https:\/\/maranieto.com\/index.php\/wp-json\/wp\/v2\/pages\/2001","targetHints":{"allow":["GET"]}}],"collection":[{"href":"https:\/\/maranieto.com\/index.php\/wp-json\/wp\/v2\/pages"}],"about":[{"href":"https:\/\/maranieto.com\/index.php\/wp-json\/wp\/v2\/types\/page"}],"author":[{"embeddable":true,"href":"https:\/\/maranieto.com\/index.php\/wp-json\/wp\/v2\/users\/1"}],"replies":[{"embeddable":true,"href":"https:\/\/maranieto.com\/index.php\/wp-json\/wp\/v2\/comments?post=2001"}],"version-history":[{"count":12,"href":"https:\/\/maranieto.com\/index.php\/wp-json\/wp\/v2\/pages\/2001\/revisions"}],"predecessor-version":[{"id":3222,"href":"https:\/\/maranieto.com\/index.php\/wp-json\/wp\/v2\/pages\/2001\/revisions\/3222"}],"wp:featuredmedia":[{"embeddable":true,"href":"https:\/\/maranieto.com\/index.php\/wp-json\/wp\/v2\/media\/1741"}],"wp:attachment":[{"href":"https:\/\/maranieto.com\/index.php\/wp-json\/wp\/v2\/media?parent=2001"}],"curies":[{"name":"wp","href":"https:\/\/api.w.org\/{rel}","templated":true}]}}