{"id":2098,"date":"2024-03-04T14:57:43","date_gmt":"2024-03-04T14:57:43","guid":{"rendered":"https:\/\/maranieto.com\/?page_id=2098"},"modified":"2026-01-02T22:26:49","modified_gmt":"2026-01-02T22:26:49","slug":"mi-semblanza","status":"publish","type":"page","link":"https:\/\/maranieto.com\/index.php\/mi-semblanza\/","title":{"rendered":"Mi semblanza"},"content":{"rendered":"\n<p><strong>Violinista<\/strong><\/p>\n\n\n\n<p>Inici\u00e9 mis estudios como violinista en el a\u00f1o de 1996. Me gradu\u00e9 como Profesional Asociado en viol\u00edn en el Conservatorio Nacional de M\u00fasica, bajo las c\u00e1tedras de los Maestros Spartak Babayev, Alejandro M\u00e1rquez y V\u00edctor Barrera. Tambi\u00e9n tom\u00e9 clases de viola con el Mtro. Alejandro M\u00e1rquez.<\/p>\n\n\n\n<p>Me he presentado en algunos de los recintos m\u00e1s importantes de la Rep\u00fablica Mexicana, entre los que destacan la sala \u201cManuel M. Ponce\u201d del Palacio de Bellas Artes, el auditorio \u201cSilvestre Revueltas\u201d del Conservatorio Nacional del M\u00fasica y el alc\u00e1zar del Castillo de Chapultepec.<\/p>\n\n\n\n<p>Durante 8 a\u00f1os fung\u00ed como primer viol\u00edn del cuarteto de cuerdas \u201cChrysorychelo\u201d, el cual se present\u00f3 en el auditorio \u201cJaime Arrieta\u201d de la UNAM en diversas ocasiones.<\/p>\n\n\n\n<p>Actualmente toco como solista en restaurantes, eventos sociales y en el evento \u201cNavidad en las Monta\u00f1as \u201c. En ocasiones participo como integrante de agrupaciones de c\u00e1mara en la Editorial Mundo Hispano y en la Academia de Artes R. Peralta.<\/p>\n\n\n\n<p>Tambi\u00e9n soy&nbsp;<a href=\"https:\/\/suzukiassociation.org\/people\/mara-nieto-hernandez\/\">Maestra Suzuki<\/a>, avalada por la Asociaci\u00f3n Mexicana del M\u00e9todo Suzuki. En los \u00faltimos a\u00f1os he tomado clases con los violinistas brasile\u00f1os Rolando Freitag y Jos\u00e9 Marcio Galvao.<\/p>\n\n\n\n<p><strong>Experta en educaci\u00f3n<\/strong><\/p>\n\n\n\n<p>En el a\u00f1o 2003 comenc\u00e9 a impartir clases individuales de viol\u00edn, primeramente en la Academia de Musica Galindo y posteriormente en el Ensamble Orquestal Infantil del Valle de M\u00e9xico. Otras academias en donde he impartido clases son Up Stage, Escuela Cristiana de M\u00fasica, Bilder Musik S\u2019cool, Febbraio, Centro Conexi\u00f3n, Escuela de M\u00fasica R\u00edos de Misericordia, Iglesia Armon\u00eda Familiar y Academia Arte EnCanto.<\/p>\n\n\n\n<p>Actualmente imparto clases de viol\u00edn en la Academia de Artes R. Peralta.<\/p>\n\n\n\n<p>Entre los a\u00f1os 2011 y 2013 trabaj\u00e9 como maestra de Educaci\u00f3n Art\u00edstica, impartiendo clases en los niveles de preescolar, primaria y secundaria en varias instituciones de la zona metropolitana de la CDMX. Durante el 2015 y 2016 trabaj\u00e9 como titular de primaria alta en el Colegio Nuevo Da Vinci. Entre 2017 y 2018, impart\u00ed clases de matem\u00e1ticas a nivel bachillerato en la asociaci\u00f3n civil AMEXTRA Tultitl\u00e1n.<\/p>\n\n\n\n<p>Mis estudios de pedagog\u00eda los realic\u00e9 entre el 2014 y 2018 en la UNAM modalidad SUAyED, titul\u00e1ndome con Menci\u00f3n Honor\u00edfica. Posteriormente, de 2018 a 2020 curs\u00e9 la Maestr\u00eda en Educaci\u00f3n con enfoque en Educaci\u00f3n en L\u00ednea en la UVEG.<\/p>\n\n\n\n<p>Durante 2018 curs\u00e9 el diplomado en tutor\u00eda digital por parte del programa UNAMITA \u00a1Ci\u00e9rrale a la brecha digital! Posteriormente, me integr\u00e9 a la plantilla de asesores acad\u00e9micos, impartiendo los m\u00f3dulos \u201cAlfabetizaci\u00f3n digital\u201d y \u201cTecnolog\u00eda educativa\u201d del mismo diplomado. Actualmente contin\u00fao participando en este programa, ahora como coordinadora acad\u00e9mica.<\/p>\n\n\n\n<p>Desde el 2020 imparto clases a nivel superior en varias Universidades prestigiosas del pa\u00eds. Las materias que imparto son \u201cHistoria de la Educaci\u00f3n\u201d, \u201cDise\u00f1o y desarrollo de material did\u00e1ctico\u201d, \u201cTecnolog\u00eda educativa\u201d, \u201cFilosof\u00eda de la educaci\u00f3n\u201d, \u201cDise\u00f1o curricular\u201d, \u201cDise\u00f1o instruccional\u201d, entre otras. Tambi\u00e9n he realizado funciones de direcci\u00f3n acad\u00e9mica.<\/p>\n\n\n\n<p>En el a\u00f1o 2021 publiqu\u00e9 un libro titulado&nbsp;<a href=\"https:\/\/www.amazon.com.mx\/Alfabetizaci%C3%B3n-digital-durante-despu%C3%A9s-pandemia\/dp\/6203034150\">\u201cAlfabetizaci\u00f3n digital durante y despu\u00e9s de la pandemia\u201d<\/a>, en coautor\u00eda con mi colega, la Lic. Delia De la Rosa. En el a\u00f1o 2022, en coautor\u00eda con mi misma colega, publiqu\u00e9 un art\u00edculo indexado titulado&nbsp;<a href=\"https:\/\/ojs.southfloridapublishing.com\/ojs\/index.php\/jdev\/article\/view\/393\/367\">\u201cTalleres surgidos a partir del programa UNAMITA \u00a1Ci\u00e9rrale a la brecha digital!\u201d&nbsp;<\/a>en la revista S<em>outh Florida Journal of Developmet<\/em>.<\/p>\n\n\n\n<p>Actualmente curso el tercer semestre de &#8220;Doctorado en Dise\u00f1o Curricular e Instruccional en el Instituto Bauman&#8221; y trabajo en un emprendimiento que consiste en el desarrollo de una plataforma&nbsp;<em>e-learning<\/em>&nbsp;llamada&nbsp;<a href=\"https:\/\/caryalsy.com\/\">Cary Alsy.<\/a><\/p>\n\n\n\n<p><strong>Ingeniera<\/strong><\/p>\n\n\n\n<p>Curs\u00e9 la Licenciatura en Ingenier\u00eda en Alimentos en la UNAM.<\/p>\n\n\n\n<p>Como&nbsp;<a href=\"http:\/\/132.248.9.195\/ptd2013\/agosto\/0699796\/Index.html\">trabajo de tesis&nbsp;<\/a>desarroll\u00e9 un chicle biodegradable que combate la caries a partir del&nbsp;<em>Lactobacillus reuteri.<\/em>&nbsp;Este proyecto se present\u00f3 en el X Congreso Internacional de Inocuidad Alimentaria, en el a\u00f1o 2013.<\/p>\n\n\n\n<p>Entre 2014 y 2015 trabaj\u00e9 en el departamento de investigaci\u00f3n y desarrollo de una empresa dedicada a la elaboraci\u00f3n de bebidas en polvo. Apoy\u00e9 a la formulaci\u00f3n de bebidas funcionales.<\/p>\n\n\n\n<p><\/p>\n\n\n\n<p><\/p>\n\n\n\n<p><\/p>\n","protected":false},"excerpt":{"rendered":"<p>Violinista Inici\u00e9 mis estudios como violinista en el a\u00f1o de 1996. Me gradu\u00e9 como Profesional Asociado en viol\u00edn en el Conservatorio Nacional de M\u00fasica, bajo las c\u00e1tedras de los Maestros Spartak Babayev, Alejandro M\u00e1rquez y &hellip; <\/p>\n","protected":false},"author":1,"featured_media":0,"parent":0,"menu_order":0,"comment_status":"closed","ping_status":"closed","template":"","meta":{"spay_email":"","footnotes":""},"class_list":["post-2098","page","type-page","status-publish","hentry"],"yoast_head":"<!-- This site is optimized with the Yoast SEO plugin v16.7 - https:\/\/yoast.com\/wordpress\/plugins\/seo\/ -->\n<title>Mi semblanza - Mara Nieto Viol\u00edn<\/title>\n<meta name=\"robots\" content=\"noindex, follow, max-snippet:-1, max-image-preview:large, max-video-preview:-1\" \/>\n<meta property=\"og:locale\" content=\"es_MX\" \/>\n<meta property=\"og:type\" content=\"article\" \/>\n<meta property=\"og:title\" content=\"Mi semblanza - Mara Nieto Viol\u00edn\" \/>\n<meta property=\"og:description\" content=\"Violinista Inici\u00e9 mis estudios como violinista en el a\u00f1o de 1996. Me gradu\u00e9 como Profesional Asociado en viol\u00edn en el Conservatorio Nacional de M\u00fasica, bajo las c\u00e1tedras de los Maestros Spartak Babayev, Alejandro M\u00e1rquez y &hellip;\" \/>\n<meta property=\"og:url\" content=\"https:\/\/maranieto.com\/index.php\/mi-semblanza\/\" \/>\n<meta property=\"og:site_name\" content=\"Mara Nieto Viol\u00edn\" \/>\n<meta property=\"article:modified_time\" content=\"2026-01-02T22:26:49+00:00\" \/>\n<meta name=\"twitter:card\" content=\"summary_large_image\" \/>\n<meta name=\"twitter:label1\" content=\"Tiempo de lectura\" \/>\n\t<meta name=\"twitter:data1\" content=\"4 minutos\" \/>\n<script type=\"application\/ld+json\" class=\"yoast-schema-graph\">{\"@context\":\"https:\/\/schema.org\",\"@graph\":[{\"@type\":\"WebSite\",\"@id\":\"https:\/\/maranieto.com\/#website\",\"url\":\"https:\/\/maranieto.com\/\",\"name\":\"Mara Nieto Viol\\u00edn\",\"description\":\"Violinista, Pedagoga &amp; Maestra Suzuki\",\"potentialAction\":[{\"@type\":\"SearchAction\",\"target\":{\"@type\":\"EntryPoint\",\"urlTemplate\":\"https:\/\/maranieto.com\/?s={search_term_string}\"},\"query-input\":\"required name=search_term_string\"}],\"inLanguage\":\"es\"},{\"@type\":\"WebPage\",\"@id\":\"https:\/\/maranieto.com\/index.php\/mi-semblanza\/#webpage\",\"url\":\"https:\/\/maranieto.com\/index.php\/mi-semblanza\/\",\"name\":\"Mi semblanza - Mara Nieto Viol\\u00edn\",\"isPartOf\":{\"@id\":\"https:\/\/maranieto.com\/#website\"},\"datePublished\":\"2024-03-04T14:57:43+00:00\",\"dateModified\":\"2026-01-02T22:26:49+00:00\",\"breadcrumb\":{\"@id\":\"https:\/\/maranieto.com\/index.php\/mi-semblanza\/#breadcrumb\"},\"inLanguage\":\"es\",\"potentialAction\":[{\"@type\":\"ReadAction\",\"target\":[\"https:\/\/maranieto.com\/index.php\/mi-semblanza\/\"]}]},{\"@type\":\"BreadcrumbList\",\"@id\":\"https:\/\/maranieto.com\/index.php\/mi-semblanza\/#breadcrumb\",\"itemListElement\":[{\"@type\":\"ListItem\",\"position\":1,\"name\":\"Inicio\",\"item\":\"https:\/\/maranieto.com\/\"},{\"@type\":\"ListItem\",\"position\":2,\"name\":\"Mi semblanza\"}]}]}<\/script>\n<!-- \/ Yoast SEO plugin. -->","yoast_head_json":{"title":"Mi semblanza - Mara Nieto Viol\u00edn","robots":{"index":"noindex","follow":"follow","max-snippet":"max-snippet:-1","max-image-preview":"max-image-preview:large","max-video-preview":"max-video-preview:-1"},"og_locale":"es_MX","og_type":"article","og_title":"Mi semblanza - Mara Nieto Viol\u00edn","og_description":"Violinista Inici\u00e9 mis estudios como violinista en el a\u00f1o de 1996. Me gradu\u00e9 como Profesional Asociado en viol\u00edn en el Conservatorio Nacional de M\u00fasica, bajo las c\u00e1tedras de los Maestros Spartak Babayev, Alejandro M\u00e1rquez y &hellip;","og_url":"https:\/\/maranieto.com\/index.php\/mi-semblanza\/","og_site_name":"Mara Nieto Viol\u00edn","article_modified_time":"2026-01-02T22:26:49+00:00","twitter_card":"summary_large_image","twitter_misc":{"Tiempo de lectura":"4 minutos"},"schema":{"@context":"https:\/\/schema.org","@graph":[{"@type":"WebSite","@id":"https:\/\/maranieto.com\/#website","url":"https:\/\/maranieto.com\/","name":"Mara Nieto Viol\u00edn","description":"Violinista, Pedagoga &amp; Maestra Suzuki","potentialAction":[{"@type":"SearchAction","target":{"@type":"EntryPoint","urlTemplate":"https:\/\/maranieto.com\/?s={search_term_string}"},"query-input":"required name=search_term_string"}],"inLanguage":"es"},{"@type":"WebPage","@id":"https:\/\/maranieto.com\/index.php\/mi-semblanza\/#webpage","url":"https:\/\/maranieto.com\/index.php\/mi-semblanza\/","name":"Mi semblanza - Mara Nieto Viol\u00edn","isPartOf":{"@id":"https:\/\/maranieto.com\/#website"},"datePublished":"2024-03-04T14:57:43+00:00","dateModified":"2026-01-02T22:26:49+00:00","breadcrumb":{"@id":"https:\/\/maranieto.com\/index.php\/mi-semblanza\/#breadcrumb"},"inLanguage":"es","potentialAction":[{"@type":"ReadAction","target":["https:\/\/maranieto.com\/index.php\/mi-semblanza\/"]}]},{"@type":"BreadcrumbList","@id":"https:\/\/maranieto.com\/index.php\/mi-semblanza\/#breadcrumb","itemListElement":[{"@type":"ListItem","position":1,"name":"Inicio","item":"https:\/\/maranieto.com\/"},{"@type":"ListItem","position":2,"name":"Mi semblanza"}]}]}},"_links":{"self":[{"href":"https:\/\/maranieto.com\/index.php\/wp-json\/wp\/v2\/pages\/2098","targetHints":{"allow":["GET"]}}],"collection":[{"href":"https:\/\/maranieto.com\/index.php\/wp-json\/wp\/v2\/pages"}],"about":[{"href":"https:\/\/maranieto.com\/index.php\/wp-json\/wp\/v2\/types\/page"}],"author":[{"embeddable":true,"href":"https:\/\/maranieto.com\/index.php\/wp-json\/wp\/v2\/users\/1"}],"replies":[{"embeddable":true,"href":"https:\/\/maranieto.com\/index.php\/wp-json\/wp\/v2\/comments?post=2098"}],"version-history":[{"count":5,"href":"https:\/\/maranieto.com\/index.php\/wp-json\/wp\/v2\/pages\/2098\/revisions"}],"predecessor-version":[{"id":3206,"href":"https:\/\/maranieto.com\/index.php\/wp-json\/wp\/v2\/pages\/2098\/revisions\/3206"}],"wp:attachment":[{"href":"https:\/\/maranieto.com\/index.php\/wp-json\/wp\/v2\/media?parent=2098"}],"curies":[{"name":"wp","href":"https:\/\/api.w.org\/{rel}","templated":true}]}}