{"id":2201,"date":"2024-04-23T18:53:33","date_gmt":"2024-04-23T18:53:33","guid":{"rendered":"https:\/\/maranieto.com\/?page_id=2201"},"modified":"2026-01-02T22:37:25","modified_gmt":"2026-01-02T22:37:25","slug":"cafe-de-grano","status":"publish","type":"page","link":"https:\/\/maranieto.com\/index.php\/cafe-de-grano\/","title":{"rendered":"Caf\u00e9 de grano"},"content":{"rendered":"\n<p>Pues bien, puesto que soy una gran amante del caf\u00e9, les traigo una gran noticia.<\/p>\n\n\n\n<p>\u00a1Hoy me he decido a emprender y a sacar mi propia l\u00ednea de caf\u00e9 de grano! As\u00ed que, por este medio hago la presentaci\u00f3n oficial del caf\u00e9 de grano \u201cMara Nieto Viol\u00edn\u201d.<\/p>\n\n\n\n<p>Este caf\u00e9 que hoy les traigo es originario de la regi\u00f3n de Chiapas, con molienda regular. La verdad es que tiene un riqu\u00edsimo aroma.<\/p>\n\n\n\n<p>\u2764&nbsp;Lo pueden adquirir en las siguiente ligas:<\/p>\n\n\n\n<p><a href=\"https:\/\/articulo.mercadolibre.com.mx\/MLM-2054843329-cafe-mara-nieto-violin-1kg-_JM\">De 1 kilo<\/a><\/p>\n\n\n\n<p><a href=\"https:\/\/articulo.mercadolibre.com.mx\/MLM-2054871723-cafe-mara-nieto-violin-500grs-_JM\">De medio kilo<\/a><\/p>\n\n\n\n<p>\u2764&nbsp;Si est\u00e1n por el rumbo de Cuautitl\u00e1n Izcalli pueden adquirirlo en \u201cCopy Club Izcalli\u201d.<\/p>\n\n\n\n<p>\u2764&nbsp;Si est\u00e1n por el rumbo de Tultitl\u00e1n pueden adquirirlo en \u201cCopy Club F1DESK\u201d.<\/p>\n\n\n\n<p>\u00a1No se van a arrepentir!<\/p>\n\n\n\n<p>Se los dice una gran conocedora del buen caf\u00e9: Mara Nieto Viol\u00edn.<\/p>\n\n\n<div class=\"wp-block-image\">\n<figure class=\"aligncenter size-large\"><img loading=\"lazy\" decoding=\"async\" width=\"662\" height=\"1024\" src=\"https:\/\/maranieto.com\/wp-content\/uploads\/2024\/04\/CAFE-100-DE-GRANO-21-662x1024.png\" alt=\"\" class=\"wp-image-2177\" srcset=\"https:\/\/maranieto.com\/wp-content\/uploads\/2024\/04\/CAFE-100-DE-GRANO-21-662x1024.png 662w, https:\/\/maranieto.com\/wp-content\/uploads\/2024\/04\/CAFE-100-DE-GRANO-21-194x300.png 194w, https:\/\/maranieto.com\/wp-content\/uploads\/2024\/04\/CAFE-100-DE-GRANO-21-768x1188.png 768w, https:\/\/maranieto.com\/wp-content\/uploads\/2024\/04\/CAFE-100-DE-GRANO-21-993x1536.png 993w, https:\/\/maranieto.com\/wp-content\/uploads\/2024\/04\/CAFE-100-DE-GRANO-21.png 1293w\" sizes=\"auto, (max-width: 662px) 100vw, 662px\" \/><\/figure>\n<\/div>","protected":false},"excerpt":{"rendered":"<p>Pues bien, puesto que soy una gran amante del caf\u00e9, les traigo una gran noticia. \u00a1Hoy me he decido a emprender y a sacar mi propia l\u00ednea de caf\u00e9 de grano! As\u00ed que, por este &hellip; <\/p>\n","protected":false},"author":1,"featured_media":2175,"parent":0,"menu_order":0,"comment_status":"closed","ping_status":"closed","template":"","meta":{"spay_email":"","footnotes":""},"class_list":["post-2201","page","type-page","status-publish","has-post-thumbnail","hentry"],"yoast_head":"<!-- This site is optimized with the Yoast SEO plugin v16.7 - https:\/\/yoast.com\/wordpress\/plugins\/seo\/ -->\n<title>Caf\u00e9 de grano - Mara Nieto Viol\u00edn<\/title>\n<meta name=\"robots\" content=\"noindex, follow, max-snippet:-1, max-image-preview:large, max-video-preview:-1\" \/>\n<meta property=\"og:locale\" content=\"es_MX\" \/>\n<meta property=\"og:type\" content=\"article\" \/>\n<meta property=\"og:title\" content=\"Caf\u00e9 de grano - Mara Nieto Viol\u00edn\" \/>\n<meta property=\"og:description\" content=\"Pues bien, puesto que soy una gran amante del caf\u00e9, les traigo una gran noticia. \u00a1Hoy me he decido a emprender y a sacar mi propia l\u00ednea de caf\u00e9 de grano! As\u00ed que, por este &hellip;\" \/>\n<meta property=\"og:url\" content=\"https:\/\/maranieto.com\/index.php\/cafe-de-grano\/\" \/>\n<meta property=\"og:site_name\" content=\"Mara Nieto Viol\u00edn\" \/>\n<meta property=\"article:modified_time\" content=\"2026-01-02T22:37:25+00:00\" \/>\n<meta property=\"og:image\" content=\"https:\/\/maranieto.com\/wp-content\/uploads\/2024\/04\/Neutral-Minimalist-Dictionary-Definition-Quote-Study-Instagram-Post-30.png\" \/>\n\t<meta property=\"og:image:width\" content=\"1080\" \/>\n\t<meta property=\"og:image:height\" content=\"1080\" \/>\n<meta name=\"twitter:card\" content=\"summary_large_image\" \/>\n<meta name=\"twitter:label1\" content=\"Tiempo de lectura\" \/>\n\t<meta name=\"twitter:data1\" content=\"1 minuto\" \/>\n<script type=\"application\/ld+json\" class=\"yoast-schema-graph\">{\"@context\":\"https:\/\/schema.org\",\"@graph\":[{\"@type\":\"WebSite\",\"@id\":\"https:\/\/maranieto.com\/#website\",\"url\":\"https:\/\/maranieto.com\/\",\"name\":\"Mara Nieto Viol\\u00edn\",\"description\":\"Violinista, Pedagoga &amp; Maestra Suzuki\",\"potentialAction\":[{\"@type\":\"SearchAction\",\"target\":{\"@type\":\"EntryPoint\",\"urlTemplate\":\"https:\/\/maranieto.com\/?s={search_term_string}\"},\"query-input\":\"required name=search_term_string\"}],\"inLanguage\":\"es\"},{\"@type\":\"ImageObject\",\"@id\":\"https:\/\/maranieto.com\/index.php\/cafe-de-grano\/#primaryimage\",\"inLanguage\":\"es\",\"url\":\"https:\/\/maranieto.com\/wp-content\/uploads\/2024\/04\/Neutral-Minimalist-Dictionary-Definition-Quote-Study-Instagram-Post-30.png\",\"contentUrl\":\"https:\/\/maranieto.com\/wp-content\/uploads\/2024\/04\/Neutral-Minimalist-Dictionary-Definition-Quote-Study-Instagram-Post-30.png\",\"width\":1080,\"height\":1080},{\"@type\":\"WebPage\",\"@id\":\"https:\/\/maranieto.com\/index.php\/cafe-de-grano\/#webpage\",\"url\":\"https:\/\/maranieto.com\/index.php\/cafe-de-grano\/\",\"name\":\"Caf\\u00e9 de grano - Mara Nieto Viol\\u00edn\",\"isPartOf\":{\"@id\":\"https:\/\/maranieto.com\/#website\"},\"primaryImageOfPage\":{\"@id\":\"https:\/\/maranieto.com\/index.php\/cafe-de-grano\/#primaryimage\"},\"datePublished\":\"2024-04-23T18:53:33+00:00\",\"dateModified\":\"2026-01-02T22:37:25+00:00\",\"breadcrumb\":{\"@id\":\"https:\/\/maranieto.com\/index.php\/cafe-de-grano\/#breadcrumb\"},\"inLanguage\":\"es\",\"potentialAction\":[{\"@type\":\"ReadAction\",\"target\":[\"https:\/\/maranieto.com\/index.php\/cafe-de-grano\/\"]}]},{\"@type\":\"BreadcrumbList\",\"@id\":\"https:\/\/maranieto.com\/index.php\/cafe-de-grano\/#breadcrumb\",\"itemListElement\":[{\"@type\":\"ListItem\",\"position\":1,\"name\":\"Inicio\",\"item\":\"https:\/\/maranieto.com\/\"},{\"@type\":\"ListItem\",\"position\":2,\"name\":\"Caf\\u00e9 de grano\"}]}]}<\/script>\n<!-- \/ Yoast SEO plugin. -->","yoast_head_json":{"title":"Caf\u00e9 de grano - Mara Nieto Viol\u00edn","robots":{"index":"noindex","follow":"follow","max-snippet":"max-snippet:-1","max-image-preview":"max-image-preview:large","max-video-preview":"max-video-preview:-1"},"og_locale":"es_MX","og_type":"article","og_title":"Caf\u00e9 de grano - Mara Nieto Viol\u00edn","og_description":"Pues bien, puesto que soy una gran amante del caf\u00e9, les traigo una gran noticia. \u00a1Hoy me he decido a emprender y a sacar mi propia l\u00ednea de caf\u00e9 de grano! As\u00ed que, por este &hellip;","og_url":"https:\/\/maranieto.com\/index.php\/cafe-de-grano\/","og_site_name":"Mara Nieto Viol\u00edn","article_modified_time":"2026-01-02T22:37:25+00:00","og_image":[{"width":1080,"height":1080,"filesize":1904631,"url":"https:\/\/maranieto.com\/wp-content\/uploads\/2024\/04\/Neutral-Minimalist-Dictionary-Definition-Quote-Study-Instagram-Post-30.png","path":"\/var\/www\/vhosts\/maranieto.com\/httpdocs\/wp-content\/uploads\/2024\/04\/Neutral-Minimalist-Dictionary-Definition-Quote-Study-Instagram-Post-30.png","size":"full","id":2175,"alt":"","pixels":1166400,"type":"image\/png"}],"twitter_card":"summary_large_image","twitter_misc":{"Tiempo de lectura":"1 minuto"},"schema":{"@context":"https:\/\/schema.org","@graph":[{"@type":"WebSite","@id":"https:\/\/maranieto.com\/#website","url":"https:\/\/maranieto.com\/","name":"Mara Nieto Viol\u00edn","description":"Violinista, Pedagoga &amp; Maestra Suzuki","potentialAction":[{"@type":"SearchAction","target":{"@type":"EntryPoint","urlTemplate":"https:\/\/maranieto.com\/?s={search_term_string}"},"query-input":"required name=search_term_string"}],"inLanguage":"es"},{"@type":"ImageObject","@id":"https:\/\/maranieto.com\/index.php\/cafe-de-grano\/#primaryimage","inLanguage":"es","url":"https:\/\/maranieto.com\/wp-content\/uploads\/2024\/04\/Neutral-Minimalist-Dictionary-Definition-Quote-Study-Instagram-Post-30.png","contentUrl":"https:\/\/maranieto.com\/wp-content\/uploads\/2024\/04\/Neutral-Minimalist-Dictionary-Definition-Quote-Study-Instagram-Post-30.png","width":1080,"height":1080},{"@type":"WebPage","@id":"https:\/\/maranieto.com\/index.php\/cafe-de-grano\/#webpage","url":"https:\/\/maranieto.com\/index.php\/cafe-de-grano\/","name":"Caf\u00e9 de grano - Mara Nieto Viol\u00edn","isPartOf":{"@id":"https:\/\/maranieto.com\/#website"},"primaryImageOfPage":{"@id":"https:\/\/maranieto.com\/index.php\/cafe-de-grano\/#primaryimage"},"datePublished":"2024-04-23T18:53:33+00:00","dateModified":"2026-01-02T22:37:25+00:00","breadcrumb":{"@id":"https:\/\/maranieto.com\/index.php\/cafe-de-grano\/#breadcrumb"},"inLanguage":"es","potentialAction":[{"@type":"ReadAction","target":["https:\/\/maranieto.com\/index.php\/cafe-de-grano\/"]}]},{"@type":"BreadcrumbList","@id":"https:\/\/maranieto.com\/index.php\/cafe-de-grano\/#breadcrumb","itemListElement":[{"@type":"ListItem","position":1,"name":"Inicio","item":"https:\/\/maranieto.com\/"},{"@type":"ListItem","position":2,"name":"Caf\u00e9 de grano"}]}]}},"_links":{"self":[{"href":"https:\/\/maranieto.com\/index.php\/wp-json\/wp\/v2\/pages\/2201","targetHints":{"allow":["GET"]}}],"collection":[{"href":"https:\/\/maranieto.com\/index.php\/wp-json\/wp\/v2\/pages"}],"about":[{"href":"https:\/\/maranieto.com\/index.php\/wp-json\/wp\/v2\/types\/page"}],"author":[{"embeddable":true,"href":"https:\/\/maranieto.com\/index.php\/wp-json\/wp\/v2\/users\/1"}],"replies":[{"embeddable":true,"href":"https:\/\/maranieto.com\/index.php\/wp-json\/wp\/v2\/comments?post=2201"}],"version-history":[{"count":4,"href":"https:\/\/maranieto.com\/index.php\/wp-json\/wp\/v2\/pages\/2201\/revisions"}],"predecessor-version":[{"id":3220,"href":"https:\/\/maranieto.com\/index.php\/wp-json\/wp\/v2\/pages\/2201\/revisions\/3220"}],"wp:featuredmedia":[{"embeddable":true,"href":"https:\/\/maranieto.com\/index.php\/wp-json\/wp\/v2\/media\/2175"}],"wp:attachment":[{"href":"https:\/\/maranieto.com\/index.php\/wp-json\/wp\/v2\/media?parent=2201"}],"curies":[{"name":"wp","href":"https:\/\/api.w.org\/{rel}","templated":true}]}}