{"id":3225,"date":"2026-01-02T22:42:35","date_gmt":"2026-01-02T22:42:35","guid":{"rendered":"https:\/\/maranieto.com\/?page_id=3225"},"modified":"2026-01-05T03:07:07","modified_gmt":"2026-01-05T03:07:07","slug":"cuentos-ke-cuentan","status":"publish","type":"page","link":"https:\/\/maranieto.com\/index.php\/cuentos-ke-cuentan\/","title":{"rendered":"Cuentos Ke Cuentan"},"content":{"rendered":"\n<p>Queridos todos:<\/p>\n\n\n\n<p>A continuaci\u00f3n, les presento el proyecto que trabajo junto con mi esposo e hija, se llama Cuentos Ke Cuentan. <\/p>\n\n\n\n<p class=\"has-large-font-size\"><strong>\u00bfQu\u00e9 es Cuentos Ke Cuentan?<\/strong><\/p>\n\n\n\n<p>Es un proyecto educativo sin fines de lucro que une creatividad infantil, formaci\u00f3n espiritual y tecnolog\u00eda para ofrecer contenido significativo a ni\u00f1os y familias.<\/p>\n\n\n\n<p><strong>Keyla (7 a\u00f1os)<\/strong><strong><\/strong><\/p>\n\n\n\n<p>Crea cuentos inspirados en valores cristianos como la bondad, la gratitud y el amor al pr\u00f3jimo, desde su mirada infantil como estudiante del sistema ACE.<\/p>\n\n\n\n<p><strong>Josu\u00e9 <\/strong><\/p>\n\n\n\n<p>Pap\u00e1 de Keyla. Es licenciado en Teolog\u00eda con formaci\u00f3n en idiomas. Conecta los cuentos con verdades b\u00edblicas de forma clara y sencilla para ni\u00f1os y familias.<\/p>\n\n\n\n<p><strong>Mara Nieto Viol\u00edn<\/strong><strong><\/strong><\/p>\n\n\n\n<p>Es mam\u00e1 de Keyla. Especialista en pedagog\u00eda, tutor\u00eda digital y tecnolog\u00eda educativa. Desarrolla recursos que promueven la ciudadan\u00eda digital y el uso responsable de internet.<\/p>\n\n\n\n<p><strong>Nuestra misi\u00f3n<\/strong><strong><\/strong><\/p>\n\n\n\n<p>Transmitir valores cristianos, fomentar la ciudadan\u00eda digital y fortalecer el aprendizaje de las matem\u00e1ticas a trav\u00e9s de cuentos y herramientas educativas accesibles.<\/p>\n\n\n<div class=\"wp-block-image\">\n<figure class=\"aligncenter size-full\"><img loading=\"lazy\" decoding=\"async\" width=\"500\" height=\"500\" src=\"https:\/\/maranieto.com\/wp-content\/uploads\/2025\/09\/Los-rasgos-de-caracter-11.png\" alt=\"\" class=\"wp-image-3002\" srcset=\"https:\/\/maranieto.com\/wp-content\/uploads\/2025\/09\/Los-rasgos-de-caracter-11.png 500w, https:\/\/maranieto.com\/wp-content\/uploads\/2025\/09\/Los-rasgos-de-caracter-11-300x300.png 300w, https:\/\/maranieto.com\/wp-content\/uploads\/2025\/09\/Los-rasgos-de-caracter-11-150x150.png 150w\" sizes=\"auto, (max-width: 500px) 100vw, 500px\" \/><\/figure>\n<\/div>\n\n\n<p>Para acceder a Cuentos Ke Cuentan, da clic en <a href=\"http:\/\/Cuentos Ke Cuentan es un espacio en l\u00ednea donde Keyla, una ni\u00f1a de 7 a\u00f1os que estudia en el sistema ACE, comparte cuentos inspirados en los rasgos de car\u00e1cter desde una perspectiva cristiana. A trav\u00e9s de estas historias, los ni\u00f1os aprenden valores, fe y principios de vida de manera sencilla y cercana.  Al mismo tiempo, Mara Nieto Viol\u00edn, mam\u00e1 de Keyla, escribe los cuentos de ciudadan\u00eda digital, dise\u00f1ados para que los ni\u00f1os tomen conciencia de los riesgos del internet y aprendan a usarlo de forma segura y responsable.  Adem\u00e1s, ofrecemos aplicaciones matem\u00e1ticas interactivas creadas especialmente para reforzar el aprendizaje de estudiantes del sistema ACE y cualquier ni\u00f1o que quiera practicar matem\u00e1ticas de forma din\u00e1mica. Estas herramientas digitales transforman conceptos como el valor posicional, operaciones b\u00e1sicas y otros temas del curr\u00edculo en experiencias visuales e interactivas, permitiendo que los ni\u00f1os aprendan a su propio ritmo desde cualquier dispositivo.  De esta manera, Cuentos Ke Cuentan combina la formaci\u00f3n en valores cristianos, la educaci\u00f3n en ciudadan\u00eda digital y el fortalecimiento acad\u00e9mico, ofreciendo recursos significativos e integrales para ni\u00f1os y familias.\">ESTE ENLACE. <\/a><\/p>\n\n\n\n<a\n  href=\"https:\/\/buymeacoffee.com\/cuentoskecuentan\"\n  target=\"_blank\"\n  rel=\"noopener\"\n  style=\"\n    display:inline-block;\n    padding:12px 18px;\n    border-radius:999px;\n    background:#ffdd00;\n    color:#000;\n    font-weight:700;\n    font-family:system-ui,-apple-system,Segoe UI,Roboto,Helvetica,Arial,sans-serif;\n    text-decoration:none;\n    box-shadow:0 6px 14px rgba(0,0,0,.12);\n  \"\n>\n  \u2615 Apoya a Cuentos Ke Cuentan\n<\/a>\n\n\n\n<div style=\"height:100px\" aria-hidden=\"true\" class=\"wp-block-spacer\"><\/div>\n\n\n\n\n<iframe loading=\"lazy\" src=\"https:\/\/drive.google.com\/file\/d\/1Jy9dlSzWobXE2mQDzTifJ4RPvk49FgZO\/preview\" width=\"640\" height=\"480\"><\/iframe>\n","protected":false},"excerpt":{"rendered":"<p>Queridos todos: A continuaci\u00f3n, les presento el proyecto que trabajo junto con mi esposo e hija, se llama Cuentos Ke Cuentan. \u00bfQu\u00e9 es Cuentos Ke Cuentan? Es un proyecto educativo sin fines de lucro que &hellip; <\/p>\n","protected":false},"author":1,"featured_media":0,"parent":0,"menu_order":0,"comment_status":"closed","ping_status":"closed","template":"","meta":{"spay_email":"","footnotes":""},"class_list":["post-3225","page","type-page","status-publish","hentry"],"yoast_head":"<!-- This site is optimized with the Yoast SEO plugin v16.7 - https:\/\/yoast.com\/wordpress\/plugins\/seo\/ -->\n<title>Cuentos Ke Cuentan - Mara Nieto Viol\u00edn<\/title>\n<meta name=\"robots\" content=\"noindex, follow, max-snippet:-1, max-image-preview:large, max-video-preview:-1\" \/>\n<meta property=\"og:locale\" content=\"es_MX\" \/>\n<meta property=\"og:type\" content=\"article\" \/>\n<meta property=\"og:title\" content=\"Cuentos Ke Cuentan - Mara Nieto Viol\u00edn\" \/>\n<meta property=\"og:description\" content=\"Queridos todos: A continuaci\u00f3n, les presento el proyecto que trabajo junto con mi esposo e hija, se llama Cuentos Ke Cuentan. \u00bfQu\u00e9 es Cuentos Ke Cuentan? Es un proyecto educativo sin fines de lucro que &hellip;\" \/>\n<meta property=\"og:url\" content=\"https:\/\/maranieto.com\/index.php\/cuentos-ke-cuentan\/\" \/>\n<meta property=\"og:site_name\" content=\"Mara Nieto Viol\u00edn\" \/>\n<meta property=\"article:modified_time\" content=\"2026-01-05T03:07:07+00:00\" \/>\n<meta property=\"og:image\" content=\"https:\/\/maranieto.com\/wp-content\/uploads\/2025\/09\/Los-rasgos-de-caracter-11.png\" \/>\n<meta name=\"twitter:card\" content=\"summary_large_image\" \/>\n<meta name=\"twitter:label1\" content=\"Tiempo de lectura\" \/>\n\t<meta name=\"twitter:data1\" content=\"1 minuto\" \/>\n<script type=\"application\/ld+json\" class=\"yoast-schema-graph\">{\"@context\":\"https:\/\/schema.org\",\"@graph\":[{\"@type\":\"WebSite\",\"@id\":\"https:\/\/maranieto.com\/#website\",\"url\":\"https:\/\/maranieto.com\/\",\"name\":\"Mara Nieto Viol\\u00edn\",\"description\":\"Violinista, Pedagoga &amp; Maestra Suzuki\",\"potentialAction\":[{\"@type\":\"SearchAction\",\"target\":{\"@type\":\"EntryPoint\",\"urlTemplate\":\"https:\/\/maranieto.com\/?s={search_term_string}\"},\"query-input\":\"required name=search_term_string\"}],\"inLanguage\":\"es\"},{\"@type\":\"ImageObject\",\"@id\":\"https:\/\/maranieto.com\/index.php\/cuentos-ke-cuentan\/#primaryimage\",\"inLanguage\":\"es\",\"url\":\"https:\/\/maranieto.com\/wp-content\/uploads\/2025\/09\/Los-rasgos-de-caracter-11.png\",\"contentUrl\":\"https:\/\/maranieto.com\/wp-content\/uploads\/2025\/09\/Los-rasgos-de-caracter-11.png\",\"width\":500,\"height\":500},{\"@type\":\"WebPage\",\"@id\":\"https:\/\/maranieto.com\/index.php\/cuentos-ke-cuentan\/#webpage\",\"url\":\"https:\/\/maranieto.com\/index.php\/cuentos-ke-cuentan\/\",\"name\":\"Cuentos Ke Cuentan - Mara Nieto Viol\\u00edn\",\"isPartOf\":{\"@id\":\"https:\/\/maranieto.com\/#website\"},\"primaryImageOfPage\":{\"@id\":\"https:\/\/maranieto.com\/index.php\/cuentos-ke-cuentan\/#primaryimage\"},\"datePublished\":\"2026-01-02T22:42:35+00:00\",\"dateModified\":\"2026-01-05T03:07:07+00:00\",\"breadcrumb\":{\"@id\":\"https:\/\/maranieto.com\/index.php\/cuentos-ke-cuentan\/#breadcrumb\"},\"inLanguage\":\"es\",\"potentialAction\":[{\"@type\":\"ReadAction\",\"target\":[\"https:\/\/maranieto.com\/index.php\/cuentos-ke-cuentan\/\"]}]},{\"@type\":\"BreadcrumbList\",\"@id\":\"https:\/\/maranieto.com\/index.php\/cuentos-ke-cuentan\/#breadcrumb\",\"itemListElement\":[{\"@type\":\"ListItem\",\"position\":1,\"name\":\"Inicio\",\"item\":\"https:\/\/maranieto.com\/\"},{\"@type\":\"ListItem\",\"position\":2,\"name\":\"Cuentos Ke Cuentan\"}]}]}<\/script>\n<!-- \/ Yoast SEO plugin. -->","yoast_head_json":{"title":"Cuentos Ke Cuentan - Mara Nieto Viol\u00edn","robots":{"index":"noindex","follow":"follow","max-snippet":"max-snippet:-1","max-image-preview":"max-image-preview:large","max-video-preview":"max-video-preview:-1"},"og_locale":"es_MX","og_type":"article","og_title":"Cuentos Ke Cuentan - Mara Nieto Viol\u00edn","og_description":"Queridos todos: A continuaci\u00f3n, les presento el proyecto que trabajo junto con mi esposo e hija, se llama Cuentos Ke Cuentan. \u00bfQu\u00e9 es Cuentos Ke Cuentan? Es un proyecto educativo sin fines de lucro que &hellip;","og_url":"https:\/\/maranieto.com\/index.php\/cuentos-ke-cuentan\/","og_site_name":"Mara Nieto Viol\u00edn","article_modified_time":"2026-01-05T03:07:07+00:00","og_image":[{"url":"https:\/\/maranieto.com\/wp-content\/uploads\/2025\/09\/Los-rasgos-de-caracter-11.png"}],"twitter_card":"summary_large_image","twitter_misc":{"Tiempo de lectura":"1 minuto"},"schema":{"@context":"https:\/\/schema.org","@graph":[{"@type":"WebSite","@id":"https:\/\/maranieto.com\/#website","url":"https:\/\/maranieto.com\/","name":"Mara Nieto Viol\u00edn","description":"Violinista, Pedagoga &amp; Maestra Suzuki","potentialAction":[{"@type":"SearchAction","target":{"@type":"EntryPoint","urlTemplate":"https:\/\/maranieto.com\/?s={search_term_string}"},"query-input":"required name=search_term_string"}],"inLanguage":"es"},{"@type":"ImageObject","@id":"https:\/\/maranieto.com\/index.php\/cuentos-ke-cuentan\/#primaryimage","inLanguage":"es","url":"https:\/\/maranieto.com\/wp-content\/uploads\/2025\/09\/Los-rasgos-de-caracter-11.png","contentUrl":"https:\/\/maranieto.com\/wp-content\/uploads\/2025\/09\/Los-rasgos-de-caracter-11.png","width":500,"height":500},{"@type":"WebPage","@id":"https:\/\/maranieto.com\/index.php\/cuentos-ke-cuentan\/#webpage","url":"https:\/\/maranieto.com\/index.php\/cuentos-ke-cuentan\/","name":"Cuentos Ke Cuentan - Mara Nieto Viol\u00edn","isPartOf":{"@id":"https:\/\/maranieto.com\/#website"},"primaryImageOfPage":{"@id":"https:\/\/maranieto.com\/index.php\/cuentos-ke-cuentan\/#primaryimage"},"datePublished":"2026-01-02T22:42:35+00:00","dateModified":"2026-01-05T03:07:07+00:00","breadcrumb":{"@id":"https:\/\/maranieto.com\/index.php\/cuentos-ke-cuentan\/#breadcrumb"},"inLanguage":"es","potentialAction":[{"@type":"ReadAction","target":["https:\/\/maranieto.com\/index.php\/cuentos-ke-cuentan\/"]}]},{"@type":"BreadcrumbList","@id":"https:\/\/maranieto.com\/index.php\/cuentos-ke-cuentan\/#breadcrumb","itemListElement":[{"@type":"ListItem","position":1,"name":"Inicio","item":"https:\/\/maranieto.com\/"},{"@type":"ListItem","position":2,"name":"Cuentos Ke Cuentan"}]}]}},"_links":{"self":[{"href":"https:\/\/maranieto.com\/index.php\/wp-json\/wp\/v2\/pages\/3225","targetHints":{"allow":["GET"]}}],"collection":[{"href":"https:\/\/maranieto.com\/index.php\/wp-json\/wp\/v2\/pages"}],"about":[{"href":"https:\/\/maranieto.com\/index.php\/wp-json\/wp\/v2\/types\/page"}],"author":[{"embeddable":true,"href":"https:\/\/maranieto.com\/index.php\/wp-json\/wp\/v2\/users\/1"}],"replies":[{"embeddable":true,"href":"https:\/\/maranieto.com\/index.php\/wp-json\/wp\/v2\/comments?post=3225"}],"version-history":[{"count":8,"href":"https:\/\/maranieto.com\/index.php\/wp-json\/wp\/v2\/pages\/3225\/revisions"}],"predecessor-version":[{"id":3263,"href":"https:\/\/maranieto.com\/index.php\/wp-json\/wp\/v2\/pages\/3225\/revisions\/3263"}],"wp:attachment":[{"href":"https:\/\/maranieto.com\/index.php\/wp-json\/wp\/v2\/media?parent=3225"}],"curies":[{"name":"wp","href":"https:\/\/api.w.org\/{rel}","templated":true}]}}