{"id":3229,"date":"2026-01-02T22:42:46","date_gmt":"2026-01-02T22:42:46","guid":{"rendered":"https:\/\/maranieto.com\/?page_id=3229"},"modified":"2026-03-17T03:46:04","modified_gmt":"2026-03-17T03:46:04","slug":"la-clave-de-mi","status":"publish","type":"page","link":"https:\/\/maranieto.com\/index.php\/la-clave-de-mi\/","title":{"rendered":"La clave de m\u00ed"},"content":{"rendered":"\n<p class=\"has-large-font-size\"><strong>Pr\u00f3ximamente&#8230;<\/strong><\/p>\n\n\n\n<p class=\"has-medium-font-size\">Espera mi nuevo libro en \u00a1mayo del 2026!<\/p>\n\n\n<div class=\"wp-block-image\">\n<figure class=\"aligncenter size-large\"><img loading=\"lazy\" decoding=\"async\" width=\"642\" height=\"1024\" src=\"https:\/\/maranieto.com\/wp-content\/uploads\/2025\/11\/Portada-de-libro-elegante-clasico-sencillo-limpio-minimalista-elegante-beige-642x1024.png\" alt=\"\" class=\"wp-image-3166\" srcset=\"https:\/\/maranieto.com\/wp-content\/uploads\/2025\/11\/Portada-de-libro-elegante-clasico-sencillo-limpio-minimalista-elegante-beige-642x1024.png 642w, https:\/\/maranieto.com\/wp-content\/uploads\/2025\/11\/Portada-de-libro-elegante-clasico-sencillo-limpio-minimalista-elegante-beige-188x300.png 188w, https:\/\/maranieto.com\/wp-content\/uploads\/2025\/11\/Portada-de-libro-elegante-clasico-sencillo-limpio-minimalista-elegante-beige-768x1226.png 768w, https:\/\/maranieto.com\/wp-content\/uploads\/2025\/11\/Portada-de-libro-elegante-clasico-sencillo-limpio-minimalista-elegante-beige-963x1536.png 963w, https:\/\/maranieto.com\/wp-content\/uploads\/2025\/11\/Portada-de-libro-elegante-clasico-sencillo-limpio-minimalista-elegante-beige-1283x2048.png 1283w, https:\/\/maranieto.com\/wp-content\/uploads\/2025\/11\/Portada-de-libro-elegante-clasico-sencillo-limpio-minimalista-elegante-beige.png 1410w\" sizes=\"auto, (max-width: 642px) 100vw, 642px\" \/><\/figure>\n<\/div>\n\n<div class=\"wp-block-image\">\n<figure class=\"aligncenter size-large\"><img loading=\"lazy\" decoding=\"async\" width=\"642\" height=\"1024\" src=\"https:\/\/maranieto.com\/wp-content\/uploads\/2026\/03\/Portada-de-libro-elegante-clasico-sencillo-limpio-minimalista-elegante-beige-7-642x1024.png\" alt=\"\" class=\"wp-image-3311\" srcset=\"https:\/\/maranieto.com\/wp-content\/uploads\/2026\/03\/Portada-de-libro-elegante-clasico-sencillo-limpio-minimalista-elegante-beige-7-642x1024.png 642w, https:\/\/maranieto.com\/wp-content\/uploads\/2026\/03\/Portada-de-libro-elegante-clasico-sencillo-limpio-minimalista-elegante-beige-7-188x300.png 188w, https:\/\/maranieto.com\/wp-content\/uploads\/2026\/03\/Portada-de-libro-elegante-clasico-sencillo-limpio-minimalista-elegante-beige-7-768x1226.png 768w, https:\/\/maranieto.com\/wp-content\/uploads\/2026\/03\/Portada-de-libro-elegante-clasico-sencillo-limpio-minimalista-elegante-beige-7-963x1536.png 963w, https:\/\/maranieto.com\/wp-content\/uploads\/2026\/03\/Portada-de-libro-elegante-clasico-sencillo-limpio-minimalista-elegante-beige-7-1283x2048.png 1283w, https:\/\/maranieto.com\/wp-content\/uploads\/2026\/03\/Portada-de-libro-elegante-clasico-sencillo-limpio-minimalista-elegante-beige-7.png 1410w\" sizes=\"auto, (max-width: 642px) 100vw, 642px\" \/><\/figure>\n<\/div>\n\n\n<p class=\"has-medium-font-size\">Mientras tanto, te invito a leer las primeras hojas:<\/p>\n\n\n\n<iframe loading=\"lazy\" src=\"https:\/\/drive.google.com\/file\/d\/14Zn8KAE3qJq5PAriv9skENntKoXZ2GpP\/preview\" width=\"640\" height=\"480\"><\/iframe>\n\n\n\n<p><\/p>\n","protected":false},"excerpt":{"rendered":"<p>Pr\u00f3ximamente&#8230; Espera mi nuevo libro en \u00a1mayo del 2026! Mientras tanto, te invito a leer las primeras hojas:<\/p>\n","protected":false},"author":1,"featured_media":0,"parent":0,"menu_order":0,"comment_status":"closed","ping_status":"closed","template":"","meta":{"spay_email":"","footnotes":""},"class_list":["post-3229","page","type-page","status-publish","hentry"],"yoast_head":"<!-- This site is optimized with the Yoast SEO plugin v16.7 - https:\/\/yoast.com\/wordpress\/plugins\/seo\/ -->\n<title>La clave de m\u00ed - Mara Nieto Viol\u00edn<\/title>\n<meta name=\"robots\" content=\"noindex, follow, max-snippet:-1, max-image-preview:large, max-video-preview:-1\" \/>\n<meta property=\"og:locale\" content=\"es_MX\" \/>\n<meta property=\"og:type\" content=\"article\" \/>\n<meta property=\"og:title\" content=\"La clave de m\u00ed - Mara Nieto Viol\u00edn\" \/>\n<meta property=\"og:description\" content=\"Pr\u00f3ximamente&#8230; Espera mi nuevo libro en \u00a1mayo del 2026! Mientras tanto, te invito a leer las primeras hojas:\" \/>\n<meta property=\"og:url\" content=\"https:\/\/maranieto.com\/index.php\/la-clave-de-mi\/\" \/>\n<meta property=\"og:site_name\" content=\"Mara Nieto Viol\u00edn\" \/>\n<meta property=\"article:modified_time\" content=\"2026-03-17T03:46:04+00:00\" \/>\n<meta property=\"og:image\" content=\"https:\/\/maranieto.com\/wp-content\/uploads\/2025\/11\/Portada-de-libro-elegante-clasico-sencillo-limpio-minimalista-elegante-beige-642x1024.png\" \/>\n<meta name=\"twitter:card\" content=\"summary_large_image\" \/>\n<script type=\"application\/ld+json\" class=\"yoast-schema-graph\">{\"@context\":\"https:\/\/schema.org\",\"@graph\":[{\"@type\":\"WebSite\",\"@id\":\"https:\/\/maranieto.com\/#website\",\"url\":\"https:\/\/maranieto.com\/\",\"name\":\"Mara Nieto Viol\\u00edn\",\"description\":\"Violinista, Pedagoga &amp; Maestra Suzuki\",\"potentialAction\":[{\"@type\":\"SearchAction\",\"target\":{\"@type\":\"EntryPoint\",\"urlTemplate\":\"https:\/\/maranieto.com\/?s={search_term_string}\"},\"query-input\":\"required name=search_term_string\"}],\"inLanguage\":\"es\"},{\"@type\":\"ImageObject\",\"@id\":\"https:\/\/maranieto.com\/index.php\/la-clave-de-mi\/#primaryimage\",\"inLanguage\":\"es\",\"url\":\"https:\/\/maranieto.com\/wp-content\/uploads\/2025\/11\/Portada-de-libro-elegante-clasico-sencillo-limpio-minimalista-elegante-beige.png\",\"contentUrl\":\"https:\/\/maranieto.com\/wp-content\/uploads\/2025\/11\/Portada-de-libro-elegante-clasico-sencillo-limpio-minimalista-elegante-beige.png\",\"width\":1410,\"height\":2250},{\"@type\":\"WebPage\",\"@id\":\"https:\/\/maranieto.com\/index.php\/la-clave-de-mi\/#webpage\",\"url\":\"https:\/\/maranieto.com\/index.php\/la-clave-de-mi\/\",\"name\":\"La clave de m\\u00ed - Mara Nieto Viol\\u00edn\",\"isPartOf\":{\"@id\":\"https:\/\/maranieto.com\/#website\"},\"primaryImageOfPage\":{\"@id\":\"https:\/\/maranieto.com\/index.php\/la-clave-de-mi\/#primaryimage\"},\"datePublished\":\"2026-01-02T22:42:46+00:00\",\"dateModified\":\"2026-03-17T03:46:04+00:00\",\"breadcrumb\":{\"@id\":\"https:\/\/maranieto.com\/index.php\/la-clave-de-mi\/#breadcrumb\"},\"inLanguage\":\"es\",\"potentialAction\":[{\"@type\":\"ReadAction\",\"target\":[\"https:\/\/maranieto.com\/index.php\/la-clave-de-mi\/\"]}]},{\"@type\":\"BreadcrumbList\",\"@id\":\"https:\/\/maranieto.com\/index.php\/la-clave-de-mi\/#breadcrumb\",\"itemListElement\":[{\"@type\":\"ListItem\",\"position\":1,\"name\":\"Inicio\",\"item\":\"https:\/\/maranieto.com\/\"},{\"@type\":\"ListItem\",\"position\":2,\"name\":\"La clave de m\\u00ed\"}]}]}<\/script>\n<!-- \/ Yoast SEO plugin. -->","yoast_head_json":{"title":"La clave de m\u00ed - Mara Nieto Viol\u00edn","robots":{"index":"noindex","follow":"follow","max-snippet":"max-snippet:-1","max-image-preview":"max-image-preview:large","max-video-preview":"max-video-preview:-1"},"og_locale":"es_MX","og_type":"article","og_title":"La clave de m\u00ed - Mara Nieto Viol\u00edn","og_description":"Pr\u00f3ximamente&#8230; Espera mi nuevo libro en \u00a1mayo del 2026! Mientras tanto, te invito a leer las primeras hojas:","og_url":"https:\/\/maranieto.com\/index.php\/la-clave-de-mi\/","og_site_name":"Mara Nieto Viol\u00edn","article_modified_time":"2026-03-17T03:46:04+00:00","og_image":[{"url":"https:\/\/maranieto.com\/wp-content\/uploads\/2025\/11\/Portada-de-libro-elegante-clasico-sencillo-limpio-minimalista-elegante-beige-642x1024.png"}],"twitter_card":"summary_large_image","schema":{"@context":"https:\/\/schema.org","@graph":[{"@type":"WebSite","@id":"https:\/\/maranieto.com\/#website","url":"https:\/\/maranieto.com\/","name":"Mara Nieto Viol\u00edn","description":"Violinista, Pedagoga &amp; Maestra Suzuki","potentialAction":[{"@type":"SearchAction","target":{"@type":"EntryPoint","urlTemplate":"https:\/\/maranieto.com\/?s={search_term_string}"},"query-input":"required name=search_term_string"}],"inLanguage":"es"},{"@type":"ImageObject","@id":"https:\/\/maranieto.com\/index.php\/la-clave-de-mi\/#primaryimage","inLanguage":"es","url":"https:\/\/maranieto.com\/wp-content\/uploads\/2025\/11\/Portada-de-libro-elegante-clasico-sencillo-limpio-minimalista-elegante-beige.png","contentUrl":"https:\/\/maranieto.com\/wp-content\/uploads\/2025\/11\/Portada-de-libro-elegante-clasico-sencillo-limpio-minimalista-elegante-beige.png","width":1410,"height":2250},{"@type":"WebPage","@id":"https:\/\/maranieto.com\/index.php\/la-clave-de-mi\/#webpage","url":"https:\/\/maranieto.com\/index.php\/la-clave-de-mi\/","name":"La clave de m\u00ed - Mara Nieto Viol\u00edn","isPartOf":{"@id":"https:\/\/maranieto.com\/#website"},"primaryImageOfPage":{"@id":"https:\/\/maranieto.com\/index.php\/la-clave-de-mi\/#primaryimage"},"datePublished":"2026-01-02T22:42:46+00:00","dateModified":"2026-03-17T03:46:04+00:00","breadcrumb":{"@id":"https:\/\/maranieto.com\/index.php\/la-clave-de-mi\/#breadcrumb"},"inLanguage":"es","potentialAction":[{"@type":"ReadAction","target":["https:\/\/maranieto.com\/index.php\/la-clave-de-mi\/"]}]},{"@type":"BreadcrumbList","@id":"https:\/\/maranieto.com\/index.php\/la-clave-de-mi\/#breadcrumb","itemListElement":[{"@type":"ListItem","position":1,"name":"Inicio","item":"https:\/\/maranieto.com\/"},{"@type":"ListItem","position":2,"name":"La clave de m\u00ed"}]}]}},"_links":{"self":[{"href":"https:\/\/maranieto.com\/index.php\/wp-json\/wp\/v2\/pages\/3229","targetHints":{"allow":["GET"]}}],"collection":[{"href":"https:\/\/maranieto.com\/index.php\/wp-json\/wp\/v2\/pages"}],"about":[{"href":"https:\/\/maranieto.com\/index.php\/wp-json\/wp\/v2\/types\/page"}],"author":[{"embeddable":true,"href":"https:\/\/maranieto.com\/index.php\/wp-json\/wp\/v2\/users\/1"}],"replies":[{"embeddable":true,"href":"https:\/\/maranieto.com\/index.php\/wp-json\/wp\/v2\/comments?post=3229"}],"version-history":[{"count":19,"href":"https:\/\/maranieto.com\/index.php\/wp-json\/wp\/v2\/pages\/3229\/revisions"}],"predecessor-version":[{"id":3312,"href":"https:\/\/maranieto.com\/index.php\/wp-json\/wp\/v2\/pages\/3229\/revisions\/3312"}],"wp:attachment":[{"href":"https:\/\/maranieto.com\/index.php\/wp-json\/wp\/v2\/media?parent=3229"}],"curies":[{"name":"wp","href":"https:\/\/api.w.org\/{rel}","templated":true}]}}