{"id":931,"date":"2022-11-15T17:07:35","date_gmt":"2022-11-15T17:07:35","guid":{"rendered":"https:\/\/maranieto.com\/?page_id=931"},"modified":"2026-01-02T22:36:50","modified_gmt":"2026-01-02T22:36:50","slug":"cary-alsy","status":"publish","type":"page","link":"https:\/\/maranieto.com\/index.php\/cary-alsy\/","title":{"rendered":"Cary Alsy"},"content":{"rendered":"\n<p class=\"has-text-align-left\" style=\"font-size:18px\">Hola, me llamo Mara Nieto y soy fundadora de <a href=\"http:\/\/caryalsy.com\">Cary Alsy.<\/a><\/p>\n\n\n<div class=\"wp-block-image\">\n<figure class=\"aligncenter size-large\"><a href=\"caryalsy.com\"><img loading=\"lazy\" decoding=\"async\" width=\"1024\" height=\"342\" src=\"https:\/\/maranieto.com\/wp-content\/uploads\/2022\/11\/centro-de-estimulacion-y-desarrollo-integrale-3-1024x342.png\" alt=\"\" class=\"wp-image-1130\" srcset=\"https:\/\/maranieto.com\/wp-content\/uploads\/2022\/11\/centro-de-estimulacion-y-desarrollo-integrale-3-1024x342.png 1024w, https:\/\/maranieto.com\/wp-content\/uploads\/2022\/11\/centro-de-estimulacion-y-desarrollo-integrale-3-300x100.png 300w, https:\/\/maranieto.com\/wp-content\/uploads\/2022\/11\/centro-de-estimulacion-y-desarrollo-integrale-3-768x256.png 768w, https:\/\/maranieto.com\/wp-content\/uploads\/2022\/11\/centro-de-estimulacion-y-desarrollo-integrale-3-1536x512.png 1536w, https:\/\/maranieto.com\/wp-content\/uploads\/2022\/11\/centro-de-estimulacion-y-desarrollo-integrale-3-1200x400.png 1200w, https:\/\/maranieto.com\/wp-content\/uploads\/2022\/11\/centro-de-estimulacion-y-desarrollo-integrale-3-1980x660.png 1980w, https:\/\/maranieto.com\/wp-content\/uploads\/2022\/11\/centro-de-estimulacion-y-desarrollo-integrale-3.png 2000w\" sizes=\"auto, (max-width: 1024px) 100vw, 1024px\" \/><\/a><\/figure>\n<\/div>\n\n\n<figure class=\"wp-block-embed aligncenter is-type-video is-provider-youtube wp-block-embed-youtube wp-embed-aspect-16-9 wp-has-aspect-ratio\"><div class=\"wp-block-embed__wrapper\">\n<div class=\"jetpack-video-wrapper\"><iframe loading=\"lazy\" title=\"VIDEO PITCH CARY ALSY\" width=\"814\" height=\"458\" src=\"https:\/\/www.youtube.com\/embed\/XkclICuwotM?feature=oembed\" frameborder=\"0\" allow=\"accelerometer; autoplay; clipboard-write; encrypted-media; gyroscope; picture-in-picture; web-share\" allowfullscreen><\/iframe><\/div>\n<\/div><\/figure>\n\n\n\n<div style=\"height:100px\" aria-hidden=\"true\" class=\"wp-block-spacer\"><\/div>\n\n\n\n<p class=\"has-text-align-left\" style=\"font-size:25px\"><strong>\u00bfQui\u00e9nes somos?<\/strong><\/p>\n\n\n\n<p class=\"has-text-align-left\" style=\"font-size:18px\">Somos un grupo de pedagogos, psic\u00f3logos, ingenieros, m\u00fasicos y Maestros en Educaci\u00f3n, que hemos trabajado juntos en el desarrollo de propuestas educativas dirigida a ni\u00f1os y adolescentes.<\/p>\n\n\n\n<p class=\"has-text-align-left\" style=\"font-size:25px\"><strong>Nuestra visi\u00f3n<\/strong><\/p>\n\n\n\n<p class=\"has-text-align-left\" style=\"font-size:18px\">Ser una instituci\u00f3n que brinde propuestas de educaci\u00f3n integral basadas en pedagog\u00edas contempor\u00e1neas, que coadyuven al desarrollo de las inteligencias m\u00faltiples de cada beb\u00e9, ni\u00f1o o adolescente.<\/p>\n\n\n\n<p class=\"has-text-align-left\" style=\"font-size:25px\"><strong>Nuestra misi\u00f3n<\/strong><\/p>\n\n\n\n<p class=\"has-text-align-left\" style=\"font-size:18px\">Que nuestras propuestas sean reconocidas en los pa\u00edses de habla hispana, debido a su calidad y precisi\u00f3n para cubrir las necesidades educativas de cada uno de nuestros estudiantes, de manera espec\u00edfica.<\/p>\n\n\n\n<p class=\"has-text-align-left\" style=\"font-size:25px\"><strong>\u00bfQu\u00e9 incluye nuestra propuesta?<\/strong><\/p>\n\n\n\n<p class=\"has-text-align-left\" style=\"font-size:18px\">Actualmente, nuestra propuesta educativa incluye cursos online, hospedados en una plataforma Moodle. Los cursos que tenemos disponibles son: relajaci\u00f3n total para el parto, aprendizaje acelerado y disciplina positiva.<\/p>\n\n\n\n<div style=\"height:100px\" aria-hidden=\"true\" class=\"wp-block-spacer\"><\/div>\n\n\n\n<p class=\"has-text-align-left\" style=\"font-size:25px\"><strong>Capacitaci\u00f3n para la elaboraci\u00f3n de cursos en l\u00ednea<\/strong><\/p>\n\n\n\n<p class=\"has-text-align-left\" style=\"font-size:18px\">Si te interesa crear y comercializar un curso en l\u00ednea a trav\u00e9s de la plataforma de Cary Alsy \u00a1Yo te puedo ayudar! <\/p>\n\n\n\n<p class=\"has-text-align-left\" style=\"font-size:18px\">Te puedo ense\u00f1ar las herramientas b\u00e1sicas para el dise\u00f1o instruccional, as\u00ed como el uso de la plataforma Moodle. No dudes en contactarme, platiqu\u00e9mos sobre tu idea y hagamos sinergia.<\/p>\n\n\n\n<div style=\"height:100px\" aria-hidden=\"true\" class=\"wp-block-spacer\"><\/div>\n\n\n\n<p class=\"has-text-align-left\" style=\"font-size:25px\"><strong>Datos de contacto<\/strong><\/p>\n\n\n\n<p class=\"has-text-align-left\" style=\"font-size:18px\">Puedes contactarme&nbsp;<a href=\"https:\/\/wa.me\/message\/4MWZBE6D42RAM1\" target=\"_blank\" rel=\"noreferrer noopener\">v\u00eda WhatsApp<\/a>, o mandarme un correo a: maranietoviolin@gmail.com<\/p>\n\n\n\n<p class=\"has-text-align-left\" style=\"font-size:18px\">Tambi\u00e9n puedes seguirme a trav\u00e9s de mis redes sociales:<\/p>\n\n\n\n<p class=\"has-text-align-left\" style=\"font-size:18px\"><a href=\"https:\/\/www.facebook.com\/maranietoviolin\" target=\"_blank\" rel=\"noreferrer noopener\">Facebook<\/a><\/p>\n\n\n\n<p class=\"has-text-align-left has-medium-font-size\"><\/p>\n","protected":false},"excerpt":{"rendered":"<p>Hola, me llamo Mara Nieto y soy fundadora de Cary Alsy. \u00bfQui\u00e9nes somos? Somos un grupo de pedagogos, psic\u00f3logos, ingenieros, m\u00fasicos y Maestros en Educaci\u00f3n, que hemos trabajado juntos en el desarrollo de propuestas educativas &hellip; <\/p>\n","protected":false},"author":1,"featured_media":0,"parent":0,"menu_order":0,"comment_status":"closed","ping_status":"closed","template":"","meta":{"spay_email":"","footnotes":""},"class_list":["post-931","page","type-page","status-publish","hentry"],"yoast_head":"<!-- This site is optimized with the Yoast SEO plugin v16.7 - https:\/\/yoast.com\/wordpress\/plugins\/seo\/ -->\n<title>Cary Alsy - Mara Nieto Viol\u00edn<\/title>\n<meta name=\"robots\" content=\"noindex, follow, max-snippet:-1, max-image-preview:large, max-video-preview:-1\" \/>\n<meta property=\"og:locale\" content=\"es_MX\" \/>\n<meta property=\"og:type\" content=\"article\" \/>\n<meta property=\"og:title\" content=\"Cary Alsy - Mara Nieto Viol\u00edn\" \/>\n<meta property=\"og:description\" content=\"Hola, me llamo Mara Nieto y soy fundadora de Cary Alsy. \u00bfQui\u00e9nes somos? Somos un grupo de pedagogos, psic\u00f3logos, ingenieros, m\u00fasicos y Maestros en Educaci\u00f3n, que hemos trabajado juntos en el desarrollo de propuestas educativas &hellip;\" \/>\n<meta property=\"og:url\" content=\"https:\/\/maranieto.com\/index.php\/cary-alsy\/\" \/>\n<meta property=\"og:site_name\" content=\"Mara Nieto Viol\u00edn\" \/>\n<meta property=\"article:modified_time\" content=\"2026-01-02T22:36:50+00:00\" \/>\n<meta property=\"og:image\" content=\"https:\/\/maranieto.com\/wp-content\/uploads\/2022\/11\/centro-de-estimulacion-y-desarrollo-integrale-3-1024x342.png\" \/>\n<meta name=\"twitter:card\" content=\"summary_large_image\" \/>\n<meta name=\"twitter:label1\" content=\"Tiempo de lectura\" \/>\n\t<meta name=\"twitter:data1\" content=\"2 minutos\" \/>\n<script type=\"application\/ld+json\" class=\"yoast-schema-graph\">{\"@context\":\"https:\/\/schema.org\",\"@graph\":[{\"@type\":\"WebSite\",\"@id\":\"https:\/\/maranieto.com\/#website\",\"url\":\"https:\/\/maranieto.com\/\",\"name\":\"Mara Nieto Viol\\u00edn\",\"description\":\"Violinista, Pedagoga &amp; Maestra Suzuki\",\"potentialAction\":[{\"@type\":\"SearchAction\",\"target\":{\"@type\":\"EntryPoint\",\"urlTemplate\":\"https:\/\/maranieto.com\/?s={search_term_string}\"},\"query-input\":\"required name=search_term_string\"}],\"inLanguage\":\"es\"},{\"@type\":\"ImageObject\",\"@id\":\"https:\/\/maranieto.com\/index.php\/cary-alsy\/#primaryimage\",\"inLanguage\":\"es\",\"url\":\"https:\/\/maranieto.com\/wp-content\/uploads\/2022\/11\/centro-de-estimulacion-y-desarrollo-integrale-3.png\",\"contentUrl\":\"https:\/\/maranieto.com\/wp-content\/uploads\/2022\/11\/centro-de-estimulacion-y-desarrollo-integrale-3.png\",\"width\":2000,\"height\":667},{\"@type\":\"WebPage\",\"@id\":\"https:\/\/maranieto.com\/index.php\/cary-alsy\/#webpage\",\"url\":\"https:\/\/maranieto.com\/index.php\/cary-alsy\/\",\"name\":\"Cary Alsy - Mara Nieto Viol\\u00edn\",\"isPartOf\":{\"@id\":\"https:\/\/maranieto.com\/#website\"},\"primaryImageOfPage\":{\"@id\":\"https:\/\/maranieto.com\/index.php\/cary-alsy\/#primaryimage\"},\"datePublished\":\"2022-11-15T17:07:35+00:00\",\"dateModified\":\"2026-01-02T22:36:50+00:00\",\"breadcrumb\":{\"@id\":\"https:\/\/maranieto.com\/index.php\/cary-alsy\/#breadcrumb\"},\"inLanguage\":\"es\",\"potentialAction\":[{\"@type\":\"ReadAction\",\"target\":[\"https:\/\/maranieto.com\/index.php\/cary-alsy\/\"]}]},{\"@type\":\"BreadcrumbList\",\"@id\":\"https:\/\/maranieto.com\/index.php\/cary-alsy\/#breadcrumb\",\"itemListElement\":[{\"@type\":\"ListItem\",\"position\":1,\"name\":\"Inicio\",\"item\":\"https:\/\/maranieto.com\/\"},{\"@type\":\"ListItem\",\"position\":2,\"name\":\"Cary Alsy\"}]}]}<\/script>\n<!-- \/ Yoast SEO plugin. -->","yoast_head_json":{"title":"Cary Alsy - Mara Nieto Viol\u00edn","robots":{"index":"noindex","follow":"follow","max-snippet":"max-snippet:-1","max-image-preview":"max-image-preview:large","max-video-preview":"max-video-preview:-1"},"og_locale":"es_MX","og_type":"article","og_title":"Cary Alsy - Mara Nieto Viol\u00edn","og_description":"Hola, me llamo Mara Nieto y soy fundadora de Cary Alsy. \u00bfQui\u00e9nes somos? Somos un grupo de pedagogos, psic\u00f3logos, ingenieros, m\u00fasicos y Maestros en Educaci\u00f3n, que hemos trabajado juntos en el desarrollo de propuestas educativas &hellip;","og_url":"https:\/\/maranieto.com\/index.php\/cary-alsy\/","og_site_name":"Mara Nieto Viol\u00edn","article_modified_time":"2026-01-02T22:36:50+00:00","og_image":[{"url":"https:\/\/maranieto.com\/wp-content\/uploads\/2022\/11\/centro-de-estimulacion-y-desarrollo-integrale-3-1024x342.png"}],"twitter_card":"summary_large_image","twitter_misc":{"Tiempo de lectura":"2 minutos"},"schema":{"@context":"https:\/\/schema.org","@graph":[{"@type":"WebSite","@id":"https:\/\/maranieto.com\/#website","url":"https:\/\/maranieto.com\/","name":"Mara Nieto Viol\u00edn","description":"Violinista, Pedagoga &amp; Maestra Suzuki","potentialAction":[{"@type":"SearchAction","target":{"@type":"EntryPoint","urlTemplate":"https:\/\/maranieto.com\/?s={search_term_string}"},"query-input":"required name=search_term_string"}],"inLanguage":"es"},{"@type":"ImageObject","@id":"https:\/\/maranieto.com\/index.php\/cary-alsy\/#primaryimage","inLanguage":"es","url":"https:\/\/maranieto.com\/wp-content\/uploads\/2022\/11\/centro-de-estimulacion-y-desarrollo-integrale-3.png","contentUrl":"https:\/\/maranieto.com\/wp-content\/uploads\/2022\/11\/centro-de-estimulacion-y-desarrollo-integrale-3.png","width":2000,"height":667},{"@type":"WebPage","@id":"https:\/\/maranieto.com\/index.php\/cary-alsy\/#webpage","url":"https:\/\/maranieto.com\/index.php\/cary-alsy\/","name":"Cary Alsy - Mara Nieto Viol\u00edn","isPartOf":{"@id":"https:\/\/maranieto.com\/#website"},"primaryImageOfPage":{"@id":"https:\/\/maranieto.com\/index.php\/cary-alsy\/#primaryimage"},"datePublished":"2022-11-15T17:07:35+00:00","dateModified":"2026-01-02T22:36:50+00:00","breadcrumb":{"@id":"https:\/\/maranieto.com\/index.php\/cary-alsy\/#breadcrumb"},"inLanguage":"es","potentialAction":[{"@type":"ReadAction","target":["https:\/\/maranieto.com\/index.php\/cary-alsy\/"]}]},{"@type":"BreadcrumbList","@id":"https:\/\/maranieto.com\/index.php\/cary-alsy\/#breadcrumb","itemListElement":[{"@type":"ListItem","position":1,"name":"Inicio","item":"https:\/\/maranieto.com\/"},{"@type":"ListItem","position":2,"name":"Cary Alsy"}]}]}},"_links":{"self":[{"href":"https:\/\/maranieto.com\/index.php\/wp-json\/wp\/v2\/pages\/931","targetHints":{"allow":["GET"]}}],"collection":[{"href":"https:\/\/maranieto.com\/index.php\/wp-json\/wp\/v2\/pages"}],"about":[{"href":"https:\/\/maranieto.com\/index.php\/wp-json\/wp\/v2\/types\/page"}],"author":[{"embeddable":true,"href":"https:\/\/maranieto.com\/index.php\/wp-json\/wp\/v2\/users\/1"}],"replies":[{"embeddable":true,"href":"https:\/\/maranieto.com\/index.php\/wp-json\/wp\/v2\/comments?post=931"}],"version-history":[{"count":13,"href":"https:\/\/maranieto.com\/index.php\/wp-json\/wp\/v2\/pages\/931\/revisions"}],"predecessor-version":[{"id":3219,"href":"https:\/\/maranieto.com\/index.php\/wp-json\/wp\/v2\/pages\/931\/revisions\/3219"}],"wp:attachment":[{"href":"https:\/\/maranieto.com\/index.php\/wp-json\/wp\/v2\/media?parent=931"}],"curies":[{"name":"wp","href":"https:\/\/api.w.org\/{rel}","templated":true}]}}